{"id":1212,"date":"2018-05-28T01:57:42","date_gmt":"2018-05-28T01:57:42","guid":{"rendered":"http:\/\/demo.yolotheme.com\/dummy\/finanzen\/?page_id=1212"},"modified":"2026-03-31T14:06:55","modified_gmt":"2026-03-31T12:06:55","slug":"home-1","status":"publish","type":"page","link":"https:\/\/ces.pacay.es\/es\/","title":{"rendered":"Inicio"},"content":{"rendered":"<div class=\"wpb-content-wrapper\"><p>[vc_row][vc_column][rev_slider_vc alias=\u00bbslider-1-es-11&#8243;][\/vc_column][\/vc_row][vc_row css=\u00bb.vc_custom_1774943504389{padding-top: 50px !important;padding-bottom: 5% !important;background-color: #F3F9FF !important;background-position: center !important;background-repeat: no-repeat !important;background-size: cover !important;}\u00bb][vc_column css=\u00bb.vc_custom_1495437857256{padding-right: 0px !important;padding-left: 0px !important;}\u00bb][vc_custom_heading text=\u00bbNOTICIAS\u00bb font_container=\u00bbtag:h1|text_align:center|color:%23005595&#8243; use_theme_fonts=\u00bbyes\u00bb css=\u00bb.vc_custom_1771419676317{margin-top: 0px !important;}\u00bb font_weight=\u00bb700&#8243;]  \r\n                    <div class=\"recent-news-home_1 carruselNoticias recent-news-wrapper\" >\r\n                <div id=\"recent-news-container-69dfd8da7641f\" class=\"recent-news-container owl-carousel\"\r\n  data-owl=\"3\"\r\n  data-autoplay=\"true\"\r\n  data-duration=\"3000\"\r\n  data-margin=\"0\"\r\n  data-rtl=\"\"\r\n  data-nav=\"true\"\r\n  data-loop=\"true\"\r\n>\r\n                <article>\r\n        <div class=\"recent_news_item\">\r\n           <div class=\"post-thumbnail\">\r\n            <div class=\"post-image\">\r\n              <img loading=\"lazy\" decoding=\"async\" width=\"600\" height=\"450\" src=\"https:\/\/ces.pacay.es\/wp-content\/uploads\/2026\/04\/image00008.jpg\" class=\"attachment-large size-large wp-post-image\" alt=\"\" srcset=\"https:\/\/ces.pacay.es\/wp-content\/uploads\/2026\/04\/image00008.jpg 600w, https:\/\/ces.pacay.es\/wp-content\/uploads\/2026\/04\/image00008-300x225.jpg 300w\" sizes=\"auto, (max-width: 600px) 100vw, 600px\" \/>  \r\n            <\/div>\r\n            <div class=\"post-date\">31 de marzo de 2026 <\/div>\r\n          <\/div> \r\n          <div class=\"post-content\">\r\n              <div class=\"content-text\">\r\n                <h4 class=\"entry-title\"><a href=\"https:\/\/ces.pacay.es\/es\/en-marcha-la-memoria-socioeconomica-2025\/\">En marcha la Memoria Socioecon\u00f3mica 2025<\/a><\/h4>\r\n                <p class=\"post-excerpt\">La elaboraci\u00f3n de la\u00a0Memoria Socioecon\u00f3mica 2025\u00a0del CES Vasco \u2014uno de los trabajos fundamentales de esta&hellip;<\/p>\r\n                <a href=\"https:\/\/ces.pacay.es\/es\/en-marcha-la-memoria-socioeconomica-2025\/\" class=\"btn-readmore\"><span class=\"span-text\">Leer m\u00e1s<\/span><\/a>\r\n                <span class=\"post-count-comments\"><i class=\"icon-bubbles\"><\/i>0<\/span>\r\n              <\/div>\r\n          <\/div>  \r\n        <\/div>\r\n      <\/article>\r\n                <article>\r\n        <div class=\"recent_news_item\">\r\n           <div class=\"post-thumbnail\">\r\n            <div class=\"post-image\">\r\n              <img loading=\"lazy\" decoding=\"async\" width=\"1000\" height=\"563\" src=\"https:\/\/ces.pacay.es\/wp-content\/uploads\/2026\/04\/Dictamen-del-CES-sobre-la-reformulacion-del-Plan-de-Ciencia-Tecnologia-e-Innovacion-Euskadi-2030-del-Gobierno-Vasco.jpg\" class=\"attachment-large size-large wp-post-image\" alt=\"\" srcset=\"https:\/\/ces.pacay.es\/wp-content\/uploads\/2026\/04\/Dictamen-del-CES-sobre-la-reformulacion-del-Plan-de-Ciencia-Tecnologia-e-Innovacion-Euskadi-2030-del-Gobierno-Vasco.jpg 1000w, https:\/\/ces.pacay.es\/wp-content\/uploads\/2026\/04\/Dictamen-del-CES-sobre-la-reformulacion-del-Plan-de-Ciencia-Tecnologia-e-Innovacion-Euskadi-2030-del-Gobierno-Vasco-300x169.jpg 300w, https:\/\/ces.pacay.es\/wp-content\/uploads\/2026\/04\/Dictamen-del-CES-sobre-la-reformulacion-del-Plan-de-Ciencia-Tecnologia-e-Innovacion-Euskadi-2030-del-Gobierno-Vasco-768x432.jpg 768w, https:\/\/ces.pacay.es\/wp-content\/uploads\/2026\/04\/Dictamen-del-CES-sobre-la-reformulacion-del-Plan-de-Ciencia-Tecnologia-e-Innovacion-Euskadi-2030-del-Gobierno-Vasco-600x338.jpg 600w\" sizes=\"auto, (max-width: 1000px) 100vw, 1000px\" \/>  \r\n            <\/div>\r\n            <div class=\"post-date\">23 de marzo de 2026 <\/div>\r\n          <\/div> \r\n          <div class=\"post-content\">\r\n              <div class=\"content-text\">\r\n                <h4 class=\"entry-title\"><a href=\"https:\/\/ces.pacay.es\/es\/dictamen-del-ces-sobre-la-reformulacion-del-plan-de-ciencia-tecnologia-e-innovacion-euskadi-2030-del-gobierno-vasco\/\">Dictamen del CES sobre la reformulaci\u00f3n del Plan de Ciencia, Tecnolog\u00eda e Innovaci\u00f3n-Euskadi 2030 del Gobierno Vasco<\/a><\/h4>\r\n                <p class=\"post-excerpt\">El Consejo plantea mejoras para reforzar el papel de la empresa y el sentido comunitario,&hellip;<\/p>\r\n                <a href=\"https:\/\/ces.pacay.es\/es\/dictamen-del-ces-sobre-la-reformulacion-del-plan-de-ciencia-tecnologia-e-innovacion-euskadi-2030-del-gobierno-vasco\/\" class=\"btn-readmore\"><span class=\"span-text\">Leer m\u00e1s<\/span><\/a>\r\n                <span class=\"post-count-comments\"><i class=\"icon-bubbles\"><\/i>0<\/span>\r\n              <\/div>\r\n          <\/div>  \r\n        <\/div>\r\n      <\/article>\r\n                <article>\r\n        <div class=\"recent_news_item\">\r\n           <div class=\"post-thumbnail\">\r\n            <div class=\"post-image\">\r\n              <img loading=\"lazy\" decoding=\"async\" width=\"1000\" height=\"667\" src=\"https:\/\/ces.pacay.es\/wp-content\/uploads\/2026\/03\/seminario.jpg\" class=\"attachment-large size-large wp-post-image\" alt=\"\" srcset=\"https:\/\/ces.pacay.es\/wp-content\/uploads\/2026\/03\/seminario.jpg 1000w, https:\/\/ces.pacay.es\/wp-content\/uploads\/2026\/03\/seminario-300x200.jpg 300w, https:\/\/ces.pacay.es\/wp-content\/uploads\/2026\/03\/seminario-768x512.jpg 768w, https:\/\/ces.pacay.es\/wp-content\/uploads\/2026\/03\/seminario-600x400.jpg 600w\" sizes=\"auto, (max-width: 1000px) 100vw, 1000px\" \/>  \r\n            <\/div>\r\n            <div class=\"post-date\">18 de marzo de 2026 <\/div>\r\n          <\/div> \r\n          <div class=\"post-content\">\r\n              <div class=\"content-text\">\r\n                <h4 class=\"entry-title\"><a href=\"https:\/\/ces.pacay.es\/es\/seminario-europeo-sobre-competitividad-y-modelo-social-organizado-por-el-ces-de-espana\/\">Seminario europeo sobre competitividad y modelo social organizado por el CES de Espa\u00f1a<\/a><\/h4>\r\n                <p class=\"post-excerpt\">[vc_row][vc_column][vc_column_text css=\u00bb\u00bb]El presidente del Consejo Econ\u00f3mico y Social vasco, Javier Mu\u00f1ecas Herreras, y la secretaria&hellip;<\/p>\r\n                <a href=\"https:\/\/ces.pacay.es\/es\/seminario-europeo-sobre-competitividad-y-modelo-social-organizado-por-el-ces-de-espana\/\" class=\"btn-readmore\"><span class=\"span-text\">Leer m\u00e1s<\/span><\/a>\r\n                <span class=\"post-count-comments\"><i class=\"icon-bubbles\"><\/i>0<\/span>\r\n              <\/div>\r\n          <\/div>  \r\n        <\/div>\r\n      <\/article>\r\n                <article>\r\n        <div class=\"recent_news_item\">\r\n           <div class=\"post-thumbnail\">\r\n            <div class=\"post-image\">\r\n              <img loading=\"lazy\" decoding=\"async\" width=\"600\" height=\"450\" src=\"https:\/\/ces.pacay.es\/wp-content\/uploads\/2026\/03\/El-Consejo-Economico-y-Social-Vasco-emitio-en-2025-un-total-de-17-dictamenes-sobre-proyectos-de-decreto-de-hondo-calada-social-y-acerca-del-plan-de-Industria-Euskadi-2030.jpg\" class=\"attachment-large size-large wp-post-image\" alt=\"\" srcset=\"https:\/\/ces.pacay.es\/wp-content\/uploads\/2026\/03\/El-Consejo-Economico-y-Social-Vasco-emitio-en-2025-un-total-de-17-dictamenes-sobre-proyectos-de-decreto-de-hondo-calada-social-y-acerca-del-plan-de-Industria-Euskadi-2030.jpg 600w, https:\/\/ces.pacay.es\/wp-content\/uploads\/2026\/03\/El-Consejo-Economico-y-Social-Vasco-emitio-en-2025-un-total-de-17-dictamenes-sobre-proyectos-de-decreto-de-hondo-calada-social-y-acerca-del-plan-de-Industria-Euskadi-2030-300x225.jpg 300w\" sizes=\"auto, (max-width: 600px) 100vw, 600px\" \/>  \r\n            <\/div>\r\n            <div class=\"post-date\">5 de marzo de 2026 <\/div>\r\n          <\/div> \r\n          <div class=\"post-content\">\r\n              <div class=\"content-text\">\r\n                <h4 class=\"entry-title\"><a href=\"https:\/\/ces.pacay.es\/es\/el-consejo-economico-y-social-vasco-emitio-en-2025-un-total-de-17-dictamenes-sobre-proyectos-de-decreto-de-hondo-calada-social-y-acerca-del-plan-de-industria-euskadi-2030\/\">El Consejo Econ\u00f3mico y Social Vasco emiti\u00f3 en 2025 un total de 17 dict\u00e1menes sobre proyectos de decreto de hondo calada social y acerca del plan de Industria &#8211; Euskadi 2030<\/a><\/h4>\r\n                <p class=\"post-excerpt\">[vc_row][vc_column][vc_column_text css=\u00bb\u00bb] El CES Vasco emiti\u00f3 dict\u00e1menes sobre los decretos relativos a ayudas a las&hellip;<\/p>\r\n                <a href=\"https:\/\/ces.pacay.es\/es\/el-consejo-economico-y-social-vasco-emitio-en-2025-un-total-de-17-dictamenes-sobre-proyectos-de-decreto-de-hondo-calada-social-y-acerca-del-plan-de-industria-euskadi-2030\/\" class=\"btn-readmore\"><span class=\"span-text\">Leer m\u00e1s<\/span><\/a>\r\n                <span class=\"post-count-comments\"><i class=\"icon-bubbles\"><\/i>0<\/span>\r\n              <\/div>\r\n          <\/div>  \r\n        <\/div>\r\n      <\/article>\r\n    <\/div>\r\n\r\n            <\/div>\r\n            \r\n                [vc_btn title=\u00bbVer todas las Noticias\u00bb style=\u00bbcustom\u00bb custom_background=\u00bb#0080ff\u00bb custom_text=\u00bb#ffffff\u00bb shape=\u00bbsquare\u00bb align=\u00bbcenter\u00bb css=\u00bb.vc_custom_1771419851608{margin-top: 30px !important;}\u00bb link=\u00bburl:%2Factualidad\u00bb el_class=\u00bbbtnVerMas\u00bb][\/vc_column][\/vc_row][vc_row css=\u00bb.vc_custom_1773390203290{padding-top: 3% !important;padding-bottom: 4% !important;background-image: url(https:\/\/ces.pacay.es\/wp-content\/uploads\/2026\/02\/fondo-publicaciones-2.jpg?id=1503) !important;background-position: center !important;background-repeat: no-repeat !important;background-size: cover !important;}\u00bb][vc_column][vc_custom_heading text=\u00bbPUBLICACIONES\u00bb font_container=\u00bbtag:h1|text_align:center|color:%2300315B\u00bb use_theme_fonts=\u00bbyes\u00bb css=\u00bb\u00bb font_weight=\u00bb700&#8243;][vc_single_image image=\u00bb17&#8243; img_size=\u00bbfull\u00bb alignment=\u00bbcenter\u00bb css=\u00bb.vc_custom_1495178530636{margin-top: 5px !important;margin-bottom: 30px !important;}\u00bb][vc_row_inner equal_height=\u00bbyes\u00bb content_placement=\u00bbmiddle\u00bb el_class=\u00bbhomeIconos\u00bb][vc_column_inner el_class=\u00bbcolumnaCentrada\u00bb width=\u00bb1\/3&#8243; offset=\u00bbvc_hidden-sm vc_hidden-xs\u00bb][vc_single_image image=\u00bb2150&#8243; img_size=\u00bbfull\u00bb alignment=\u00bbcenter\u00bb css=\u00bb\u00bb][\/vc_column_inner][vc_column_inner width=\u00bb1\/2&#8243; offset=\u00bbvc_col-lg-4 vc_col-md-4&#8243;][vc_raw_html css=\u00bb\u00bb]JTNDZGl2JTIwY2xhc3MlM0QlMjJzdHlsZV8xJTIwbGVmdCUyMGljb24tYm94LXNob3J0Y29kZS13cmFwJTIwY29udERlc2NhcmdhSG9tZSUyMiUzRSUwQSUyMCUyMCUyMCUyMCUzQ2RpdiUyMGNsYXNzJTNEJTIyaWNvbi1ib3gtY29udGFpbmVyJTIyJTNFJTBBJTIwJTIwJTIwJTIwJTIwJTIwJTIwJTIwJTNDYSUyMGhyZWYlM0QlMjIlMkZtZW1vcmlhLXNvY2lvZWNvbm9taWNhJTIyJTIwdGl0bGUlM0QlMjIlMjIlMjB0YXJnZXQlM0QlMjJfc2VsZiUyMiUzRSUwQSUyMCUyMCUyMCUyMCUyMCUyMCUyMCUyMCUyMCUyMCUyMCUyMCUzQ2RpdiUyMGNsYXNzJTNEJTIyaWNvbi13cmFwJTIyJTNFJTBBJTIwJTIwJTIwJTIwJTIwJTIwJTIwJTIwJTIwJTIwJTIwJTIwJTIwJTIwJTIwJTIwJTNDaW1nJTIwZGVjb2RpbmclM0QlMjJhc3luYyUyMiUyMHNyYyUzRCUyMiUyRndwLWNvbnRlbnQlMkZ1cGxvYWRzJTJGMjAyNiUyRjAyJTJGcHJlc2VudGF0aW9uLWFtYXJpbGxvLnBuZyUyMiUwQSUyMCUyMCUyMCUyMCUyMCUyMCUyMCUyMCUyMCUyMCUyMCUyMCUyMCUyMCUyMCUyMCUyMCUyMCUyMCUyMGNsYXNzJTNEJTIyaW1nLXJlc3BvbnNpdmUlMjIlMjBhbHQlM0QlMjJNZW1vcmlhJTIwU29jaW9lY29uJUMzJUIzbWljYSUyMiUzRSUwQSUyMCUyMCUyMCUyMCUyMCUyMCUyMCUyMCUyMCUyMCUyMCUyMCUzQyUyRmRpdiUzRSUwQSUwQSUyMCUyMCUyMCUyMCUyMCUyMCUyMCUyMCUzQyUyRmElM0UlMEElMjAlMjAlMjAlMjAlMjAlMjAlMjAlMjAlM0NkaXYlMjBjbGFzcyUzRCUyMmljb24tY29udGVudCUyMiUzRSUwQSUyMCUyMCUyMCUyMCUyMCUyMCUyMCUyMCUyMCUyMCUyMCUyMCUzQ2gyJTIwY2xhc3MlM0QlMjJpY29uLXRpdGxlJTIyJTNFJTBBJTIwJTIwJTIwJTIwJTIwJTIwJTIwJTIwJTIwJTIwJTIwJTIwJTIwJTIwJTIwJTIwJTNDYSUyMGhyZWYlM0QlMjIlMkZtZW1vcmlhLXNvY2lvZWNvbm9taWNhJTIyJTIwdGl0bGUlM0QlMjIlMjIlMjB0YXJnZXQlM0QlMjJfc2VsZiUyMiUzRSUwQSUyMCUyMCUyMCUyMCUyMCUyMCUyMCUyMCUyMCUyMCUyMCUyMCUyMCUyMCUyMCUyMCUyMCUyMCUyMCUyME1lbW9yaWElMjBzb2Npb2Vjb24lQzMlQjNtaWNhJTIwJTNDJTJGYSUzRSUwQSUyMCUyMCUyMCUyMCUyMCUyMCUyMCUyMCUyMCUyMCUyMCUyMCUzQyUyRmgyJTNFJTBBJTIwJTIwJTIwJTIwJTIwJTIwJTIwJTIwJTIwJTIwJTIwJTIwJTNDcCUyMGNsYXNzJTNEJTIyaWNvbi1kZXNjcmlwdGlvbiUyMiUzRVJhZGlvZ3JhZiVDMyVBRGElMjBhbnVhbCUyMGRlJTIwbGElMjByZWFsaWRhZCUyMGVjb24lQzMlQjNtaWNhJTIweSUyMHNvY2lhbCUyQyUyMGNvbiUyMGRhdG9zJTJDJTIwdGVuZGVuY2lhcyUyMHklMjBjb25jbHVzaW9uZXMlMjBjbGF2ZS4lM0MlMkZwJTNFJTBBJTIwJTIwJTIwJTIwJTIwJTIwJTIwJTIwJTNDJTJGZGl2JTNFJTBBJTIwJTIwJTIwJTIwJTIwJTIwJTIwJTIwJTNDZGl2JTIwY2xhc3MlM0QlMjJjb250RmlsdHJvUHVibGljYWNpb24lMjIlM0UlMEElMjAlMjAlMjAlMjAlMjAlMjAlMjAlMjAlMjAlMjAlMjAlMjAlNUJ5bWNfZmlsdGVyJTIwaWQlM0QlMjIxNjA2JTIyJTVEJTBBJTIwJTIwJTIwJTIwJTIwJTIwJTIwJTIwJTNDJTJGZGl2JTNFJTBBJTIwJTIwJTIwJTIwJTNDJTJGZGl2JTNFJTBBJTNDJTJGZGl2JTNF[\/vc_raw_html][\/vc_column_inner][vc_column_inner width=\u00bb1\/2&#8243; offset=\u00bbvc_col-lg-4 vc_col-md-4&#8243;]                        <div class=\" \" >\r\n                \r\n<div class=\"style_1 left icon-box-shortcode-wrap\">\r\n    <div class=\"icon-box-container\">\r\n            <a href=\"\/dictamenes\" title=\"\" target=\"_self\">\r\n                         <div class=\"icon-wrap\">\r\n                <img decoding=\"async\" src=\"https:\/\/ces.pacay.es\/wp-content\/uploads\/2026\/02\/gavel.png\"  class=\"img-responsive\" alt=\"Dict\u00e1menes\" \/>\r\n            <\/div>  \r\n         \r\n            <\/a>\r\n            <div class=\"icon-content\">\r\n            <h2 class=\"icon-title\">\r\n                                    <a href=\"\/dictamenes\" title=\"\" target=\"_self\">\r\n                                Dict\u00e1menes                                    <\/a>\r\n                            <\/h2>\r\n            <p class=\"icon-description\">Informes que expresan la opini\u00f3n consensuada de los agentes econ\u00f3micos y sociales integrantes del CES, sobre proyectos normativos y planes del Gobierno Vasco en materia de pol\u00edtica econ\u00f3mica y social.<\/p>\r\n        <\/div>\r\n    <\/div>\r\n<\/div>            <\/div>\r\n                                            <div class=\" \" >\r\n                \r\n<div class=\"style_1 left icon-box-shortcode-wrap\">\r\n    <div class=\"icon-box-container\">\r\n            <a href=\"\/estudios-e-informes\" title=\"\" target=\"_self\">\r\n                         <div class=\"icon-wrap\">\r\n                <img decoding=\"async\" src=\"https:\/\/ces.pacay.es\/wp-content\/uploads\/2026\/02\/creative-process-amarillo.png\"  class=\"img-responsive\" alt=\"Estudios e informes\" \/>\r\n            <\/div>  \r\n         \r\n            <\/a>\r\n            <div class=\"icon-content\">\r\n            <h2 class=\"icon-title\">\r\n                                    <a href=\"\/estudios-e-informes\" title=\"\" target=\"_self\">\r\n                                Estudios e informes                                    <\/a>\r\n                            <\/h2>\r\n            <p class=\"icon-description\">Investigaciones especializadas que profundizan en cuestiones estrat\u00e9gicas y de inter\u00e9s general.<\/p>\r\n        <\/div>\r\n    <\/div>\r\n<\/div>            <\/div>\r\n                    [\/vc_column_inner][\/vc_row_inner][vc_btn title=\u00bbVer todas las Publicaciones\u00bb style=\u00bbcustom\u00bb custom_background=\u00bb#D1BF82&#8243; custom_text=\u00bb#ffffff\u00bb shape=\u00bbsquare\u00bb align=\u00bbcenter\u00bb css=\u00bb.vc_custom_1773390430848{margin-top: 30px !important;}\u00bb link=\u00bburl:%2Fpublicaciones%2F|title:Agenda\u00bb el_class=\u00bbbtnVerMas\u00bb][\/vc_column][\/vc_row][vc_row css=\u00bb.vc_custom_1769694582905{margin-top: 4.5% !important;margin-bottom: 5% !important;}\u00bb][vc_column css=\u00bb.vc_custom_1495161262834{padding-right: 0px !important;padding-left: 0px !important;}\u00bb][vc_custom_heading text=\u00bbAGENDA\u00bb font_container=\u00bbtag:h1|text_align:center\u00bb use_theme_fonts=\u00bbyes\u00bb css=\u00bb\u00bb font_weight=\u00bb700&#8243;][vc_single_image image=\u00bb17&#8243; img_size=\u00bbfull\u00bb alignment=\u00bbcenter\u00bb css=\u00bb.vc_custom_1495178095294{margin-top: 5px !important;margin-bottom: 30px !important;}\u00bb][vc_raw_html css=\u00bb\u00bb]JTVCY3VzdG9tX2V2ZW50c19saXN0JTIwcGVyX3BhZ2UlM0QlMjIyJTIyJTIwcGFnaW5hdGlvbiUzRCUyMmZhbHNlJTIyJTVE[\/vc_raw_html][vc_btn title=\u00bbVer toda la Agenda\u00bb style=\u00bbcustom\u00bb custom_background=\u00bb#0080ff\u00bb custom_text=\u00bb#ffffff\u00bb shape=\u00bbsquare\u00bb align=\u00bbcenter\u00bb css=\u00bb.vc_custom_1771419864060{margin-top: 30px !important;}\u00bb link=\u00bburl:%2Fagenda%2F|title:Agenda\u00bb el_class=\u00bbbtnVerMas\u00bb][\/vc_column][\/vc_row]<\/p>\n<\/div>","protected":false},"excerpt":{"rendered":"<p>[vc_row][vc_column][rev_slider_vc alias=\u00bbslider-1-es-11&#8243;][\/vc_column][\/vc_row][vc_row css=\u00bb.vc_custom_1774943504389{padding-top: 50px !important;padding-bottom: 5% !important;background-color: #F3F9FF !important;background-position: center !important;background-repeat: no-repeat !important;background-size: cover !important;}\u00bb][vc_column css=\u00bb.vc_custom_1495437857256{padding-right: 0px !important;padding-left: 0px !important;}\u00bb][vc_custom_heading text=\u00bbNOTICIAS\u00bb font_container=\u00bbtag:h1|text_align:center|color:%23005595&#8243; use_theme_fonts=\u00bbyes\u00bb css=\u00bb.vc_custom_1771419676317{margin-top: 0px !important;}\u00bb font_weight=\u00bb700&#8243;][vc_btn title=\u00bbVer todas las&#8230;<\/p>\n","protected":false},"author":1,"featured_media":0,"parent":0,"menu_order":0,"comment_status":"closed","ping_status":"closed","template":"","meta":{"_acf_changed":false,"footnotes":""},"class_list":["post-1212","page","type-page","status-publish","hentry"],"acf":[],"_links":{"self":[{"href":"https:\/\/ces.pacay.es\/es\/wp-json\/wp\/v2\/pages\/1212","targetHints":{"allow":["GET"]}}],"collection":[{"href":"https:\/\/ces.pacay.es\/es\/wp-json\/wp\/v2\/pages"}],"about":[{"href":"https:\/\/ces.pacay.es\/es\/wp-json\/wp\/v2\/types\/page"}],"author":[{"embeddable":true,"href":"https:\/\/ces.pacay.es\/es\/wp-json\/wp\/v2\/users\/1"}],"replies":[{"embeddable":true,"href":"https:\/\/ces.pacay.es\/es\/wp-json\/wp\/v2\/comments?post=1212"}],"version-history":[{"count":98,"href":"https:\/\/ces.pacay.es\/es\/wp-json\/wp\/v2\/pages\/1212\/revisions"}],"predecessor-version":[{"id":2154,"href":"https:\/\/ces.pacay.es\/es\/wp-json\/wp\/v2\/pages\/1212\/revisions\/2154"}],"wp:attachment":[{"href":"https:\/\/ces.pacay.es\/es\/wp-json\/wp\/v2\/media?parent=1212"}],"curies":[{"name":"wp","href":"https:\/\/api.w.org\/{rel}","templated":true}]}}