{"id":1409,"date":"2026-01-27T11:25:29","date_gmt":"2026-01-27T11:25:29","guid":{"rendered":"https:\/\/ces.pacay.es\/?page_id=1409"},"modified":"2026-03-17T08:39:43","modified_gmt":"2026-03-17T08:39:43","slug":"institucion","status":"publish","type":"page","link":"https:\/\/ces.pacay.es\/es\/institucion\/","title":{"rendered":"Instituci\u00f3n"},"content":{"rendered":"<div class=\"wpb-content-wrapper\"><p>[vc_row full_width=\u00bbstretch_row\u00bb css=\u00bb.vc_custom_1770724525299{padding-bottom: 5% !important;background-color: #F5F5F5 !important;}\u00bb][vc_column css=\u00bb.vc_custom_1497413203200{padding-right: 0px !important;padding-left: 0px !important;}\u00bb][vc_row_inner content_placement=\u00bbbottom\u00bb css=\u00bb.vc_custom_1770723802239{border-color: #eeeeee !important;}\u00bb][vc_column_inner offset=\u00bbvc_col-lg-5 vc_col-md-5&#8243;][vc_single_image image=\u00bb1513&#8243; img_size=\u00bbfull\u00bb alignment=\u00bbcenter\u00bb css=\u00bb\u00bb][vc_column_text css=\u00bb\u00bb]<\/p>\n<p class=\"mt15\" style=\"text-align: center;\"><em>Javier Mu\u00f1ecas Herreras &#8211; Presidente CES Vasco<\/em><\/p>\n<p>[\/vc_column_text][\/vc_column_inner][vc_column_inner offset=\u00bbvc_col-lg-7 vc_col-md-7&#8243;][vc_custom_heading text=\u00bbSaludo del Presidente\u00bb font_container=\u00bbtag:h1|text_align:left\u00bb use_theme_fonts=\u00bbyes\u00bb css=\u00bb\u00bb font_weight=\u00bb\u00bb][vc_column_text css=\u00bb.vc_custom_1770722583608{margin-top: 20px !important;}\u00bb]El Consejo Econ\u00f3mico y Social Vasco constituye el ente del entramado institucional de la CAPV destinado a hacer efectiva la participaci\u00f3n de los distintos intereses econ\u00f3micos y sociales en la pol\u00edtica econ\u00f3mica y social del Pa\u00eds Vasco. Se configura como un \u00f3rgano consultivo, que con car\u00e1cter transversal, acoge la m\u00e1s amplia representaci\u00f3n de los diversos intereses econ\u00f3micos y sociales de la realidad socio-econ\u00f3mico vasca.<\/p>\n<p>Aunque fue legalmente creado en los a\u00f1os ochenta, el CES Vasco no arranca su actividad consultiva hasta el a\u00f1o 1998, tras sendas modificaciones legislativas inducidas tanto por cambios legislativos colaterales como por la propia din\u00e1mica de los agentes econ\u00f3micos y sociales. La Ley 8\/2012 culmina el proceso de reformas y regula, junto con el Decreto 433\/2013, el r\u00e9gimen actual por el que se rigen las funciones, composici\u00f3n y funcionamiento del Consejo.<\/p>\n<p>En estos a\u00f1os de andadura, el CES Vasco se ha consolidado como un ente de creciente actividad e influencia, constituy\u00e9ndose en un foro de encuentro para la reflexi\u00f3n, la colaboraci\u00f3n y el di\u00e1logo sosegado entre los distintos agentes, que viene contribuyendo con sus opiniones y propuestas a un proceso de toma de decisiones m\u00e1s participativo e integrador.<\/p>\n<p>Es esta mirada global el aut\u00e9ntico valor a\u00f1adido del Consejo, ya que la opini\u00f3n com\u00fan entre diferentes lo convierte en la voz de la sociedad civil organizada.<\/p>\n<p>Como Presidente, les doy la bienvenida en nombre del Consejo y les invito a visitar la web y conocer con mayor profundidad nuestro trabajo.[\/vc_column_text][\/vc_column_inner][\/vc_row_inner][\/vc_column][\/vc_row][vc_row el_class=\u00bbcontSeccion\u00bb el_id=\u00bbnaturaleza\u00bb][vc_column][vc_empty_space][vc_custom_heading text=\u00bb<strong>Naturaleza<\/strong>\u00bb use_theme_fonts=\u00bbyes\u00bb css=\u00bb.vc_custom_1770724458103{margin-top: 30px !important;margin-bottom: 20px !important;}\u00bb font_weight=\u00bb\u00bb][vc_column_text css=\u00bb\u00bb]El CES Vasco constituye el ente consultivo del Gobierno Vasco y del Parlamento Vasco, para hacer efectiva la participaci\u00f3n de los distintos intereses econ\u00f3micos y sociales en la pol\u00edtica econ\u00f3mica y social del Pa\u00eds Vasco.<\/p>\n<p>El Consejo goza de personalidad jur\u00eddica p\u00fablica propia, distinta de la de la Administraci\u00f3n de la Comunidad Aut\u00f3noma, con plena capacidad para el ejercicio de sus funciones en los t\u00e9rminos de su Ley reguladora y es independiente del Gobierno y del Parlamento en el desarrollo de sus funciones.<\/p>\n<p>NORMATIVA REGULADORA:[\/vc_column_text][vc_row_inner][vc_column_inner width=\u00bb1\/2&#8243;][vc_column_text css=\u00bb\u00bb]<\/p>\n<ul class=\"list-detail\">\n<li><strong>Ley 8\/2012, de 17 de mayo<\/strong>, del Consejo Econ\u00f3mico y Social Vasco \/ Euskadiko Ekonomia eta Arazoetarako Batzordea <a href=\"http:\/\/www.lehendakaritza.ejgv.euskadi.net\/r48-bopv2\/es\/bopv2\/datos\/2012\/05\/s12_0101.shtml\" target=\"_blank\" rel=\"noopener\">(<strong>BOPV n\u00ba 101 de 24 de mayo de 2012<\/strong>)<\/a><\/li>\n<li><strong>Decreto 433\/2013, de 29 de octubre<\/strong>, sobre el Consejo Econ\u00f3mico y Social Vasco \/ Euskadiko Ekonomia eta Arazoetarako Batzordea <a href=\"http:\/\/www.lehendakaritza.ejgv.euskadi.net\/r48-bopv2\/es\/bopv2\/datos\/2013\/11\/s13_0209.shtml\" target=\"_blank\" rel=\"noopener\">(<strong>BOPV n\u00ba 209 de 4 de noviembre de 2013<\/strong>)<\/a><\/li>\n<\/ul>\n<p>[\/vc_column_text][\/vc_column_inner][vc_column_inner width=\u00bb1\/2&#8243;][vc_column_text css=\u00bb\u00bb]<\/p>\n<ul class=\"list-detail\">\n<li><strong>Reglamento<\/strong> de funcionamiento del Consejo Econ\u00f3mico y Social Vasco \/ Euskadiko Ekonomia eta Arazoetarako Batzordea <a href=\"http:\/\/www.lehendakaritza.ejgv.euskadi.net\/r48-bopv2\/es\/bopv2\/datos\/2013\/12\/s13_0235.shtml\" target=\"_blank\" rel=\"noopener\">(<strong>BOPV n\u00ba 232 de 11 de diciembre de 2013<\/strong>)<\/a><\/li>\n<li><strong>Acuerdo <\/strong>de 22 de marzo de 2019, del Pleno del Consejo Econ\u00f3mico y Social Vasco, por el que se subsana error en el art\u00edculo 30.2, apartado a), del Reglamento de Funcionamiento <a href=\"https:\/\/www.euskadi.eus\/y22-bopv\/es\/bopv2\/datos\/2019\/04\/1901631a.shtml\" target=\"_blank\" rel=\"noopener\">(<strong>N.\u00ba 63, lunes 1 de abril de 2019<\/strong>)<\/a><\/li>\n<\/ul>\n<p>[\/vc_column_text][\/vc_column_inner][\/vc_row_inner][vc_empty_space height=\u00bb80px\u00bb][\/vc_column][\/vc_row][vc_row full_width=\u00bbstretch_row_content\u00bb equal_height=\u00bbyes\u00bb layout=\u00bbwide\u00bb][vc_column css=\u00bb.vc_custom_1497428329592{padding-top: 15% !important;padding-right: 15% !important;padding-bottom: 15% !important;padding-left: 20% !important;background-image: url(http:\/\/demo.yolotheme.com\/dummy\/finanzen\/wp-content\/uploads\/2017\/05\/img-l-h3.jpg?id=302) !important;background-position: center !important;background-repeat: no-repeat !important;background-size: cover !important;}\u00bb offset=\u00bbvc_col-lg-4 vc_col-md-4&#8243;][vc_custom_heading text=\u00bbMemoria de Actividades 2025&#8243; font_container=\u00bbtag:h2|text_align:center|color:%23ffffff\u00bb use_theme_fonts=\u00bbyes\u00bb css=\u00bb.vc_custom_1773332895533{margin-bottom: 30px !important;}\u00bb font_weight=\u00bb\u00bb link=\u00bburl:https%3A%2F%2Fces.pacay.es%2Fdownload%2Fmemoria-de-actividades-2024%2F\u00bb][vc_single_image image=\u00bb1984&#8243; img_size=\u00bb300&#215;424&#8243; alignment=\u00bbcenter\u00bb onclick=\u00bbcustom_link\u00bb css=\u00bb\u00bb link=\u00bb\/download\/memoria-de-actividades-2025\/\u00bb][vc_empty_space][vc_column_text css=\u00bb\u00bb]<\/p>\n<p style=\"text-align: center;\"><a style=\"font-weight: bold; color: #fff;\" href=\"\/download\/memoria-de-actividades-2025\/\">VER LA MEMORIA<i class=\"fa fa-arrow-right\" style=\"margin-left: 5px;\"><\/i><\/a><\/p>\n<p>[\/vc_column_text][\/vc_column][vc_column css=\u00bb.vc_custom_1772037044700{padding-right: 7% !important;padding-bottom: 50px !important;padding-left: 7% !important;background-image: url(http:\/\/demo.yolotheme.com\/dummy\/finanzen\/wp-content\/uploads\/2017\/05\/img-r-h3.jpg?id=295) !important;background-position: center !important;background-repeat: no-repeat !important;background-size: cover !important;}\u00bb offset=\u00bbvc_col-lg-8 vc_col-md-8&#8243; el_class=\u00bbcontFunciones\u00bb][vc_custom_heading text=\u00bb<strong>Funciones<\/strong>\u00bb font_container=\u00bbtag:h2|text_align:left|color:%23FFFFFF\u00bb use_theme_fonts=\u00bbyes\u00bb css=\u00bb.vc_custom_1772019896315{margin-top: 30px !important;margin-bottom: 20px !important;}\u00bb font_weight=\u00bb\u00bb][vc_row_inner][vc_column_inner width=\u00bb1\/2&#8243;]                        <div class=\" \" >\r\n                \r\n<div class=\"style_5 left icon-box-shortcode-wrap\">\r\n    <div class=\"icon-box-container\">\r\n                         <div class=\"icon-wrap\">\r\n                <div class=\"content-icon\">\r\n                    <img decoding=\"async\" src=\"https:\/\/ces.pacay.es\/wp-content\/uploads\/2017\/06\/log1.png\"  class=\"img-responsive\" alt=\"\" \/>\r\n                <\/div>\r\n            <\/div>  \r\n         \r\n            <div class=\"icon-content\" >\r\n            <div class=\"icon-title\">\r\n                                                            <\/div>\r\n            <p class=\"icon-description\">Informar con car\u00e1cter preceptivo los proyectos de ley relacionados con la pol\u00edtica econ\u00f3mica y social, excluidas aquellas materias adscritas al Consejo de Relaciones Laborales seg\u00fan su ley reguladora. Tambi\u00e9n se except\u00faan los proyectos de ley de presupuestos generales de la Comunidad Aut\u00f3noma del Pa\u00eds Vasco, as\u00ed como las normas legislativas de modificaci\u00f3n o complemento de la misma.<\/p>\r\n        <\/div>\r\n    <\/div>\r\n<\/div>            <\/div>\r\n                    [\/vc_column_inner][vc_column_inner width=\u00bb1\/2&#8243;]                        <div class=\" \" >\r\n                \r\n<div class=\"style_5 left icon-box-shortcode-wrap\">\r\n    <div class=\"icon-box-container\">\r\n                         <div class=\"icon-wrap\">\r\n                <div class=\"content-icon\">\r\n                    <img decoding=\"async\" src=\"https:\/\/ces.pacay.es\/wp-content\/uploads\/2017\/06\/log2.png\"  class=\"img-responsive\" alt=\"\" \/>\r\n                <\/div>\r\n            <\/div>  \r\n         \r\n            <div class=\"icon-content\" >\r\n            <div class=\"icon-title\">\r\n                                                            <\/div>\r\n            <p class=\"icon-description\">Informar con car\u00e1cter preceptivo los proyectos de decreto relacionados con la pol\u00edtica econ\u00f3mica y social, excluidas aquellas materias adscritas al Consejo de Relaciones Laborales seg\u00fan su ley reguladora, que tengan especial trascendencia a juicio del Gobierno Vasco. Tambi\u00e9n se except\u00faan los proyectos de decreto que supongan una continuidad de los aprobados en ejercicios anteriores o que no impliquen modificaciones sustanciales.<\/p>\r\n        <\/div>\r\n    <\/div>\r\n<\/div>            <\/div>\r\n                    [\/vc_column_inner][\/vc_row_inner][vc_row_inner][vc_column_inner width=\u00bb1\/2&#8243;]                        <div class=\" \" >\r\n                \r\n<div class=\"style_5 left icon-box-shortcode-wrap\">\r\n    <div class=\"icon-box-container\">\r\n                         <div class=\"icon-wrap\">\r\n                <div class=\"content-icon\">\r\n                    <img decoding=\"async\" src=\"https:\/\/ces.pacay.es\/wp-content\/uploads\/2017\/06\/log3.png\"  class=\"img-responsive\" alt=\"\" \/>\r\n                <\/div>\r\n            <\/div>  \r\n         \r\n            <div class=\"icon-content\" >\r\n            <div class=\"icon-title\">\r\n                                                            <\/div>\r\n            <p class=\"icon-description\">Informar cualquier otra resoluci\u00f3n administrativa que adopte el Gobierno Vasco, relacionada con la pol\u00edtica econ\u00f3mica y social, excluidas aquellas materias adscritas al Consejo de Relaciones Laborales en su ley reguladora, que tengan especial trascendencia a juicio del Gobierno Vasco.<\/p>\r\n        <\/div>\r\n    <\/div>\r\n<\/div>            <\/div>\r\n                    [\/vc_column_inner][vc_column_inner width=\u00bb1\/2&#8243;]                        <div class=\" \" >\r\n                \r\n<div class=\"style_5 left icon-box-shortcode-wrap\">\r\n    <div class=\"icon-box-container\">\r\n                         <div class=\"icon-wrap\">\r\n                <div class=\"content-icon\">\r\n                    <img decoding=\"async\" src=\"https:\/\/ces.pacay.es\/wp-content\/uploads\/2017\/06\/log4.png\"  class=\"img-responsive\" alt=\"\" \/>\r\n                <\/div>\r\n            <\/div>  \r\n         \r\n            <div class=\"icon-content\" >\r\n            <div class=\"icon-title\">\r\n                                                            <\/div>\r\n            <p class=\"icon-description\">Informar con car\u00e1cter preceptivo los planes generales del Gobierno Vasco en materia de pol\u00edtica econ\u00f3mica y social.<\/p>\r\n        <\/div>\r\n    <\/div>\r\n<\/div>            <\/div>\r\n                    [\/vc_column_inner][\/vc_row_inner][vc_row_inner][vc_column_inner width=\u00bb1\/2&#8243;]                        <div class=\" \" >\r\n                \r\n<div class=\"style_5 left icon-box-shortcode-wrap\">\r\n    <div class=\"icon-box-container\">\r\n                         <div class=\"icon-wrap\">\r\n                <div class=\"content-icon\">\r\n                    <img decoding=\"async\" src=\"https:\/\/ces.pacay.es\/wp-content\/uploads\/2017\/06\/log5.png\"  class=\"img-responsive\" alt=\"\" \/>\r\n                <\/div>\r\n            <\/div>  \r\n         \r\n            <div class=\"icon-content\" >\r\n            <div class=\"icon-title\">\r\n                                                            <\/div>\r\n            <p class=\"icon-description\">Formular propuestas al Gobierno Vasco sobre las materias a que se refieren los apartados anteriores.<\/p>\r\n        <\/div>\r\n    <\/div>\r\n<\/div>            <\/div>\r\n                    [\/vc_column_inner][vc_column_inner width=\u00bb1\/2&#8243;]                        <div class=\" \" >\r\n                \r\n<div class=\"style_5 left icon-box-shortcode-wrap\">\r\n    <div class=\"icon-box-container\">\r\n                         <div class=\"icon-wrap\">\r\n                <div class=\"content-icon\">\r\n                    <img decoding=\"async\" src=\"https:\/\/ces.pacay.es\/wp-content\/uploads\/2017\/06\/log6.png\"  class=\"img-responsive\" alt=\"\" \/>\r\n                <\/div>\r\n            <\/div>  \r\n         \r\n            <div class=\"icon-content\" >\r\n            <div class=\"icon-title\">\r\n                                                            <\/div>\r\n            <p class=\"icon-description\">Elaborar dict\u00e1menes, resoluciones o informes, por propia iniciativa o a petici\u00f3n del Gobierno Vasco o del Parlamento Vasco, en las materias a que se refieren los apartados a) y b) anteriores.<\/p>\r\n        <\/div>\r\n    <\/div>\r\n<\/div>            <\/div>\r\n                    [\/vc_column_inner][\/vc_row_inner][vc_row_inner][vc_column_inner width=\u00bb1\/2&#8243;]                        <div class=\" \" >\r\n                \r\n<div class=\"style_5 left icon-box-shortcode-wrap\">\r\n    <div class=\"icon-box-container\">\r\n                         <div class=\"icon-wrap\">\r\n                <div class=\"content-icon\">\r\n                    <img decoding=\"async\" src=\"https:\/\/ces.pacay.es\/wp-content\/uploads\/2017\/06\/log7.png\"  class=\"img-responsive\" alt=\"\" \/>\r\n                <\/div>\r\n            <\/div>  \r\n         \r\n            <div class=\"icon-content\" >\r\n            <div class=\"icon-title\">\r\n                                                            <\/div>\r\n            <p class=\"icon-description\">Participar en la planificaci\u00f3n de las actividades econ\u00f3micas del sector p\u00fablico de la Comunidad Aut\u00f3noma del Pa\u00eds Vasco que elabore el Gobierno Vasco.<\/p>\r\n        <\/div>\r\n    <\/div>\r\n<\/div>            <\/div>\r\n                    [\/vc_column_inner][vc_column_inner width=\u00bb1\/2&#8243;]                        <div class=\" \" >\r\n                \r\n<div class=\"style_5 left icon-box-shortcode-wrap\">\r\n    <div class=\"icon-box-container\">\r\n                         <div class=\"icon-wrap\">\r\n                <div class=\"content-icon\">\r\n                    <img decoding=\"async\" src=\"https:\/\/ces.pacay.es\/wp-content\/uploads\/2017\/06\/log8.png\"  class=\"img-responsive\" alt=\"\" \/>\r\n                <\/div>\r\n            <\/div>  \r\n         \r\n            <div class=\"icon-content\" >\r\n            <div class=\"icon-title\">\r\n                                                            <\/div>\r\n            <p class=\"icon-description\">Elaborar y elevar al Gobierno Vasco y al Parlamento Vasco anualmente una memoria en la que se expongan sus consideraciones sobre la situaci\u00f3n econ\u00f3mica y social en la Comunidad Aut\u00f3noma del Pa\u00eds Vasco.<\/p>\r\n        <\/div>\r\n    <\/div>\r\n<\/div>            <\/div>\r\n                    [\/vc_column_inner][\/vc_row_inner][vc_row_inner][vc_column_inner width=\u00bb1\/2&#8243;]                        <div class=\" \" >\r\n                \r\n<div class=\"style_5 left icon-box-shortcode-wrap\">\r\n    <div class=\"icon-box-container\">\r\n                         <div class=\"icon-wrap\">\r\n                <div class=\"content-icon\">\r\n                    <img decoding=\"async\" src=\"https:\/\/ces.pacay.es\/wp-content\/uploads\/2017\/06\/log4.png\"  class=\"img-responsive\" alt=\"\" \/>\r\n                <\/div>\r\n            <\/div>  \r\n         \r\n            <div class=\"icon-content\" >\r\n            <div class=\"icon-title\">\r\n                                                            <\/div>\r\n            <p class=\"icon-description\">Solicitar y recibir de los \u00f3rganos competentes de la Administraci\u00f3n general, y de cualquier instituci\u00f3n de la Comunidad Aut\u00f3noma del Pa\u00eds Vasco, cuanta informaci\u00f3n precise para el desarrollo de sus funciones.<\/p>\r\n        <\/div>\r\n    <\/div>\r\n<\/div>            <\/div>\r\n                    [\/vc_column_inner][vc_column_inner width=\u00bb1\/2&#8243;][\/vc_column_inner][\/vc_row_inner][\/vc_column][\/vc_row]<\/p>\n<\/div>","protected":false},"excerpt":{"rendered":"<p>[vc_row full_width=\u00bbstretch_row\u00bb css=\u00bb.vc_custom_1770724525299{padding-bottom: 5% !important;background-color: #F5F5F5 !important;}\u00bb][vc_column css=\u00bb.vc_custom_1497413203200{padding-right: 0px !important;padding-left: 0px !important;}\u00bb][vc_row_inner content_placement=\u00bbbottom\u00bb css=\u00bb.vc_custom_1770723802239{border-color: #eeeeee !important;}\u00bb][vc_column_inner offset=\u00bbvc_col-lg-5 vc_col-md-5&#8243;][vc_single_image image=\u00bb1513&#8243; img_size=\u00bbfull\u00bb alignment=\u00bbcenter\u00bb css=\u00bb\u00bb][vc_column_text css=\u00bb\u00bb] Javier Mu\u00f1ecas Herreras &#8211; Presidente CES Vasco&#8230;<\/p>\n","protected":false},"author":1,"featured_media":0,"parent":0,"menu_order":0,"comment_status":"closed","ping_status":"closed","template":"","meta":{"_acf_changed":false,"footnotes":""},"class_list":["post-1409","page","type-page","status-publish","hentry"],"acf":[],"_links":{"self":[{"href":"https:\/\/ces.pacay.es\/es\/wp-json\/wp\/v2\/pages\/1409","targetHints":{"allow":["GET"]}}],"collection":[{"href":"https:\/\/ces.pacay.es\/es\/wp-json\/wp\/v2\/pages"}],"about":[{"href":"https:\/\/ces.pacay.es\/es\/wp-json\/wp\/v2\/types\/page"}],"author":[{"embeddable":true,"href":"https:\/\/ces.pacay.es\/es\/wp-json\/wp\/v2\/users\/1"}],"replies":[{"embeddable":true,"href":"https:\/\/ces.pacay.es\/es\/wp-json\/wp\/v2\/comments?post=1409"}],"version-history":[{"count":87,"href":"https:\/\/ces.pacay.es\/es\/wp-json\/wp\/v2\/pages\/1409\/revisions"}],"predecessor-version":[{"id":1508,"href":"https:\/\/ces.pacay.es\/es\/wp-json\/wp\/v2\/pages\/1409\/revisions\/1508"}],"wp:attachment":[{"href":"https:\/\/ces.pacay.es\/es\/wp-json\/wp\/v2\/media?parent=1409"}],"curies":[{"name":"wp","href":"https:\/\/api.w.org\/{rel}","templated":true}]}}