{"id":1783,"date":"2026-02-27T13:40:43","date_gmt":"2026-02-27T13:40:43","guid":{"rendered":"https:\/\/ces.pacay.es\/?page_id=1783"},"modified":"2026-03-05T09:47:22","modified_gmt":"2026-03-05T09:47:22","slug":"perfil-del-contratante","status":"publish","type":"page","link":"https:\/\/ces.pacay.es\/es\/perfil-del-contratante\/","title":{"rendered":"Perfil del contratante"},"content":{"rendered":"<div class=\"wpb-content-wrapper\"><p>[vc_row][vc_column][vc_column_text css=\u00bb\u00bb]El perfil de contratante del Consejo Econ\u00f3mico y Social Vasco incluye los datos referentes a la actividad contractual del \u00f3rgano de contrataci\u00f3n, los contratos adjudicados\u00a0y, en definitiva, toda la documentaci\u00f3n relativa a las licitaciones.<\/p>\n<p>La regulaci\u00f3n contractual del CES Vasco se ajustar\u00e1 a la normativa vigente en materia de contratos del sector p\u00fablico para los entes que tienen la consideraci\u00f3n de administraciones p\u00fablicas, de acuerdo con lo establecido en el art\u00edculo 23.3 de la ley 8\/2012, de 17 de mayo, de Consejo Econ\u00f3mico y Social Vasco.[\/vc_column_text][vc_custom_heading text=\u00bb<strong>Licitaciones<\/strong>\u00bb use_theme_fonts=\u00bbyes\u00bb css=\u00bb.vc_custom_1772199753177{margin-top: 30px !important;margin-bottom: 20px !important;}\u00bb font_weight=\u00bb\u00bb][vc_empty_space height=\u00bb10px\u00bb][vc_column_text css=\u00bb\u00bb el_class=\u00bbcontAdjudicaciones\u00bb]<style>\r\n\t<\/style>\r\n<div class=\"pacay-cpt-grid-wrapper\" id=\"pacay-cpt-grid-1788\"\r\n\tdata-grid-id=\"1788\"\r\n\tdata-columns=\"3\">\r\n\r\n\t\r\n\t<!-- Main content area -->\r\n\t<div class=\"pacay-grid-content\">\r\n\r\n\t\t<div class=\"pacay-grid-results-info\" role=\"status\" aria-live=\"polite\">\r\n\t\t\t13 resultados encontrados.\t\t<\/div>\r\n\r\n\t\t<!-- Cards container \u2013 replaced by AJAX -->\r\n\t\t\t\t<div class=\"pacay-grid-cards pacay-grid--cols-3 pacay-grid-cards--list\" role=\"list\">\r\n\t\t\t\t<article class=\"pacay-grid-card\" role=\"listitem\">\r\n\t<div class=\"pacay-grid-card__inner \">\r\n\t\t\r\n\t\t<!-- Thumbnail -->\r\n\t\t\r\n\t\t<!-- Card Body -->\r\n\t\t<div class=\"pacay-grid-card__body\">\r\n\t\t\t<div class=\"contAdjTop\">\r\n\t\t\t\t<time class=\"pacay-grid-card__date\" datetime=\"25 de marzo de 2026\" style=\"font-size: 16px\">25 de marzo de 2026<\/time>\r\n\r\n\t\t\t\t\r\n\r\n\t\t\t\t\r\n\t\t\t\t\t<span class=\"pacay-grid-card__meta-label metaAbierta\">Abierta<\/span>\r\n\t\t\t\t\r\n\r\n\t\t\t<\/div>\r\n\t\r\n\t\t\t<h3 class=\"pacay-grid-card__title\" style=\"font-size: 20px\">Licitaci\u00f3n realizada por procedimiento abierto no armonizado<\/h3>\r\n\r\n\t\t\t<div class=\"pacay-grid-card__content\">\r\n\t\t\t\t<p>Servicio de interpretaci\u00f3n del CES-EGAB.<\/p>\n<p><a href=\"https:\/\/www.contratacion.euskadi.eus\">www.contratacion.euskadi.eus<\/a><\/p>\n\r\n\t\t\t<\/div>\r\n\r\n\t\t\t<div class=\"pacay-grid-card__custom-fields\">\r\n\t\t\t\t\r\n\t\t\t\t\r\n\t\t\t<\/div>\r\n\t\t<\/div><!-- .pacay-grid-card__body -->\r\n\r\n\t<\/div>\r\n<\/article>\t<article class=\"pacay-grid-card\" role=\"listitem\">\r\n\t<div class=\"pacay-grid-card__inner \">\r\n\t\t\r\n\t\t<!-- Thumbnail -->\r\n\t\t\r\n\t\t<!-- Card Body -->\r\n\t\t<div class=\"pacay-grid-card__body\">\r\n\t\t\t<div class=\"contAdjTop\">\r\n\t\t\t\t<time class=\"pacay-grid-card__date\" datetime=\"18 de noviembre de 2025\" style=\"font-size: 16px\">18 de noviembre de 2025<\/time>\r\n\r\n\t\t\t\t\r\n\t\t\t\t\t<span class=\"pacay-grid-card__meta-label metaCerrada\">Cerrada<\/span>\r\n\t\t\t\t\r\n\r\n\t\t\t\t\r\n\r\n\t\t\t<\/div>\r\n\t\r\n\t\t\t<h3 class=\"pacay-grid-card__title\" style=\"font-size: 20px\">Licitaci\u00f3n realizada por procedimiento abierto no armonizado<\/h3>\r\n\r\n\t\t\t<div class=\"pacay-grid-card__content\">\r\n\t\t\t\t<p>Contrataci\u00f3n de los servicios de traducci\u00f3n del Consejo Econ\u00f3mico y Social Vasco.<\/p>\n\r\n\t\t\t<\/div>\r\n\r\n\t\t\t<div class=\"pacay-grid-card__custom-fields\">\r\n\t\t\t\t\r\n\t\t\t\t\t<div class=\"pacay-grid-card__meta-item\">\r\n\t\t\t\t\t\t<span class=\"pacay-grid-card__meta-label\">Adjudicataria:<\/span>\r\n\t\t\t\t\t\t<span class=\"pacay-grid-card__meta-value\">HORI-HORI S.A.<\/span>\r\n\t\t\t\t\t<\/div>\r\n\t\t\t\t\r\n\t\t\t\t\r\n\t\t\t\t\t<div class=\"pacay-grid-card__meta-item\">\r\n\t\t\t\t\t\t<a href=\"https:\/\/ces.pacay.es\/wp-content\/uploads\/2026\/02\/CES-EGAB-2025-04-Adjudikazioaren-ebazpena_Resolucion-de-adjudicacion.pdf\" target=\"_blank\" class=\"aResolucion\">Resoluci\u00f3n de adjudicaci\u00f3n<\/a>\r\n\t\t\t\t\t<\/div>\r\n\t\t\t\t\r\n\t\t\t<\/div>\r\n\t\t<\/div><!-- .pacay-grid-card__body -->\r\n\r\n\t<\/div>\r\n<\/article>\t<article class=\"pacay-grid-card\" role=\"listitem\">\r\n\t<div class=\"pacay-grid-card__inner \">\r\n\t\t\r\n\t\t<!-- Thumbnail -->\r\n\t\t\r\n\t\t<!-- Card Body -->\r\n\t\t<div class=\"pacay-grid-card__body\">\r\n\t\t\t<div class=\"contAdjTop\">\r\n\t\t\t\t<time class=\"pacay-grid-card__date\" datetime=\"8 de octubre de 2025\" style=\"font-size: 16px\">8 de octubre de 2025<\/time>\r\n\r\n\t\t\t\t\r\n\t\t\t\t\t<span class=\"pacay-grid-card__meta-label metaCerrada\">Cerrada<\/span>\r\n\t\t\t\t\r\n\r\n\t\t\t\t\r\n\r\n\t\t\t<\/div>\r\n\t\r\n\t\t\t<h3 class=\"pacay-grid-card__title\" style=\"font-size: 20px\">Licitaci\u00f3n realizada por procedimiento abierto no armonizado<\/h3>\r\n\r\n\t\t\t<div class=\"pacay-grid-card__content\">\r\n\t\t\t\t<p>Contrataci\u00f3n de los servicios de comunicaci\u00f3n del Consejo Econ\u00f3mico y Social Vasco.<\/p>\n\r\n\t\t\t<\/div>\r\n\r\n\t\t\t<div class=\"pacay-grid-card__custom-fields\">\r\n\t\t\t\t\r\n\t\t\t\t\t<div class=\"pacay-grid-card__meta-item\">\r\n\t\t\t\t\t\t<span class=\"pacay-grid-card__meta-label\">Adjudicataria:<\/span>\r\n\t\t\t\t\t\t<span class=\"pacay-grid-card__meta-value\">M.B.N. COMUNICACION<\/span>\r\n\t\t\t\t\t<\/div>\r\n\t\t\t\t\r\n\t\t\t\t\r\n\t\t\t\t\t<div class=\"pacay-grid-card__meta-item\">\r\n\t\t\t\t\t\t<a href=\"https:\/\/ces.pacay.es\/wp-content\/uploads\/2026\/02\/CES-EGAB-2025-03-Resolucion-de-adjudicacion-.pdf\" target=\"_blank\" class=\"aResolucion\">Resoluci\u00f3n de adjudicaci\u00f3n<\/a>\r\n\t\t\t\t\t<\/div>\r\n\t\t\t\t\r\n\t\t\t<\/div>\r\n\t\t<\/div><!-- .pacay-grid-card__body -->\r\n\r\n\t<\/div>\r\n<\/article>\t<article class=\"pacay-grid-card\" role=\"listitem\">\r\n\t<div class=\"pacay-grid-card__inner \">\r\n\t\t\r\n\t\t<!-- Thumbnail -->\r\n\t\t\r\n\t\t<!-- Card Body -->\r\n\t\t<div class=\"pacay-grid-card__body\">\r\n\t\t\t<div class=\"contAdjTop\">\r\n\t\t\t\t<time class=\"pacay-grid-card__date\" datetime=\"7 de agosto de 2025\" style=\"font-size: 16px\">7 de agosto de 2025<\/time>\r\n\r\n\t\t\t\t\r\n\t\t\t\t\t<span class=\"pacay-grid-card__meta-label metaCerrada\">Cerrada<\/span>\r\n\t\t\t\t\r\n\r\n\t\t\t\t\r\n\r\n\t\t\t<\/div>\r\n\t\r\n\t\t\t<h3 class=\"pacay-grid-card__title\" style=\"font-size: 20px\">Licitaci\u00f3n realizada por procedimiento abierto no armonizado<\/h3>\r\n\r\n\t\t\t<div class=\"pacay-grid-card__content\">\r\n\t\t\t\t<p>Contrataci\u00f3n de los servicios de limpieza de la sede del Consejo Econ\u00f3mico y Social Vasco.<\/p>\n\r\n\t\t\t<\/div>\r\n\r\n\t\t\t<div class=\"pacay-grid-card__custom-fields\">\r\n\t\t\t\t\r\n\t\t\t\t\t<div class=\"pacay-grid-card__meta-item\">\r\n\t\t\t\t\t\t<span class=\"pacay-grid-card__meta-label\">Adjudicataria:<\/span>\r\n\t\t\t\t\t\t<span class=\"pacay-grid-card__meta-value\">GARBINDU LIMPIEZAS Y MANTENIMIENTO, S.L.<\/span>\r\n\t\t\t\t\t<\/div>\r\n\t\t\t\t\r\n\t\t\t\t\r\n\t\t\t\t\t<div class=\"pacay-grid-card__meta-item\">\r\n\t\t\t\t\t\t<a href=\"https:\/\/ces.pacay.es\/wp-content\/uploads\/2026\/02\/Ebazpena_Resolucion-2025-01-IAS.pdf\" target=\"_blank\" class=\"aResolucion\">Resoluci\u00f3n de adjudicaci\u00f3n<\/a>\r\n\t\t\t\t\t<\/div>\r\n\t\t\t\t\r\n\t\t\t<\/div>\r\n\t\t<\/div><!-- .pacay-grid-card__body -->\r\n\r\n\t<\/div>\r\n<\/article>\t<article class=\"pacay-grid-card\" role=\"listitem\">\r\n\t<div class=\"pacay-grid-card__inner \">\r\n\t\t\r\n\t\t<!-- Thumbnail -->\r\n\t\t\r\n\t\t<!-- Card Body -->\r\n\t\t<div class=\"pacay-grid-card__body\">\r\n\t\t\t<div class=\"contAdjTop\">\r\n\t\t\t\t<time class=\"pacay-grid-card__date\" datetime=\"4 de agosto de 2025\" style=\"font-size: 16px\">4 de agosto de 2025<\/time>\r\n\r\n\t\t\t\t\r\n\t\t\t\t\t<span class=\"pacay-grid-card__meta-label metaCerrada\">Cerrada<\/span>\r\n\t\t\t\t\r\n\r\n\t\t\t\t\r\n\r\n\t\t\t<\/div>\r\n\t\r\n\t\t\t<h3 class=\"pacay-grid-card__title\" style=\"font-size: 20px\">Licitaci\u00f3n realizada por procedimiento abierto no armonizado<\/h3>\r\n\r\n\t\t\t<div class=\"pacay-grid-card__content\">\r\n\t\t\t\t<p>Contrataci\u00f3n de los servicios de formaci\u00f3n para la impartici\u00f3n de clases de idiomas para el personal del Consejo Econ\u00f3mico y Social Vasco.<\/p>\n\r\n\t\t\t<\/div>\r\n\r\n\t\t\t<div class=\"pacay-grid-card__custom-fields\">\r\n\t\t\t\t\r\n\t\t\t\t\t<div class=\"pacay-grid-card__meta-item\">\r\n\t\t\t\t\t\t<span class=\"pacay-grid-card__meta-label\">Adjudicataria:<\/span>\r\n\t\t\t\t\t\t<span class=\"pacay-grid-card__meta-value\">MONDRAGON LINGUA-ALECOP, S.COOP.<\/span>\r\n\t\t\t\t\t<\/div>\r\n\t\t\t\t\r\n\t\t\t\t\r\n\t\t\t\t\t<div class=\"pacay-grid-card__meta-item\">\r\n\t\t\t\t\t\t<a href=\"https:\/\/ces.pacay.es\/wp-content\/uploads\/2026\/02\/Ebazpena_Resolucion-2025-02-IAS.pdf\" target=\"_blank\" class=\"aResolucion\">Resoluci\u00f3n de adjudicaci\u00f3n<\/a>\r\n\t\t\t\t\t<\/div>\r\n\t\t\t\t\r\n\t\t\t<\/div>\r\n\t\t<\/div><!-- .pacay-grid-card__body -->\r\n\r\n\t<\/div>\r\n<\/article>\t<article class=\"pacay-grid-card\" role=\"listitem\">\r\n\t<div class=\"pacay-grid-card__inner \">\r\n\t\t\r\n\t\t<!-- Thumbnail -->\r\n\t\t\r\n\t\t<!-- Card Body -->\r\n\t\t<div class=\"pacay-grid-card__body\">\r\n\t\t\t<div class=\"contAdjTop\">\r\n\t\t\t\t<time class=\"pacay-grid-card__date\" datetime=\"4 de octubre de 2023\" style=\"font-size: 16px\">4 de octubre de 2023<\/time>\r\n\r\n\t\t\t\t\r\n\t\t\t\t\t<span class=\"pacay-grid-card__meta-label metaCerrada\">Cerrada<\/span>\r\n\t\t\t\t\r\n\r\n\t\t\t\t\r\n\r\n\t\t\t<\/div>\r\n\t\r\n\t\t\t<h3 class=\"pacay-grid-card__title\" style=\"font-size: 20px\">Prozedura irekia baliatuz egindako lizitazioa<\/h3>\r\n\r\n\t\t\t<div class=\"pacay-grid-card__content\">\r\n\t\t\t\t<p>Contrataci\u00f3n de los servicios de comunicaci\u00f3n del Consejo Econ\u00f3mico y Social Vasco.<\/p>\n\r\n\t\t\t<\/div>\r\n\r\n\t\t\t<div class=\"pacay-grid-card__custom-fields\">\r\n\t\t\t\t\r\n\t\t\t\t\t<div class=\"pacay-grid-card__meta-item\">\r\n\t\t\t\t\t\t<span class=\"pacay-grid-card__meta-label\">Adjudicataria:<\/span>\r\n\t\t\t\t\t\t<span class=\"pacay-grid-card__meta-value\">CONMUNICA MEDIATRADER S.L.U.<\/span>\r\n\t\t\t\t\t<\/div>\r\n\t\t\t\t\r\n\t\t\t\t\r\n\t\t\t<\/div>\r\n\t\t<\/div><!-- .pacay-grid-card__body -->\r\n\r\n\t<\/div>\r\n<\/article>\t<article class=\"pacay-grid-card\" role=\"listitem\">\r\n\t<div class=\"pacay-grid-card__inner \">\r\n\t\t\r\n\t\t<!-- Thumbnail -->\r\n\t\t\r\n\t\t<!-- Card Body -->\r\n\t\t<div class=\"pacay-grid-card__body\">\r\n\t\t\t<div class=\"contAdjTop\">\r\n\t\t\t\t<time class=\"pacay-grid-card__date\" datetime=\"2 de octubre de 2023\" style=\"font-size: 16px\">2 de octubre de 2023<\/time>\r\n\r\n\t\t\t\t\r\n\t\t\t\t\t<span class=\"pacay-grid-card__meta-label metaCerrada\">Cerrada<\/span>\r\n\t\t\t\t\r\n\r\n\t\t\t\t\r\n\r\n\t\t\t<\/div>\r\n\t\r\n\t\t\t<h3 class=\"pacay-grid-card__title\" style=\"font-size: 20px\">Licitacion realizada por procedimiento abierto<\/h3>\r\n\r\n\t\t\t<div class=\"pacay-grid-card__content\">\r\n\t\t\t\t<p>Licitaci\u00f3n para la contrataci\u00f3n de los servicios de traducci\u00f3n del Consejo Econ\u00f3mico y Social Vasco.<\/p>\n\r\n\t\t\t<\/div>\r\n\r\n\t\t\t<div class=\"pacay-grid-card__custom-fields\">\r\n\t\t\t\t\r\n\t\t\t\t\t<div class=\"pacay-grid-card__meta-item\">\r\n\t\t\t\t\t\t<span class=\"pacay-grid-card__meta-label\">Adjudicataria:<\/span>\r\n\t\t\t\t\t\t<span class=\"pacay-grid-card__meta-value\">HORI HORI S.A.<\/span>\r\n\t\t\t\t\t<\/div>\r\n\t\t\t\t\r\n\t\t\t\t\r\n\t\t\t\t\t<div class=\"pacay-grid-card__meta-item\">\r\n\t\t\t\t\t\t<a href=\"https:\/\/ces.pacay.es\/wp-content\/uploads\/2026\/02\/CES-EGAB-2023-04_Resolucion-adjudicacion-del-contrato.pdf\" target=\"_blank\" class=\"aResolucion\">Resoluci\u00f3n de adjudicaci\u00f3n<\/a>\r\n\t\t\t\t\t<\/div>\r\n\t\t\t\t\r\n\t\t\t<\/div>\r\n\t\t<\/div><!-- .pacay-grid-card__body -->\r\n\r\n\t<\/div>\r\n<\/article>\t<article class=\"pacay-grid-card\" role=\"listitem\">\r\n\t<div class=\"pacay-grid-card__inner \">\r\n\t\t\r\n\t\t<!-- Thumbnail -->\r\n\t\t\r\n\t\t<!-- Card Body -->\r\n\t\t<div class=\"pacay-grid-card__body\">\r\n\t\t\t<div class=\"contAdjTop\">\r\n\t\t\t\t<time class=\"pacay-grid-card__date\" datetime=\"23 de agosto de 2023\" style=\"font-size: 16px\">23 de agosto de 2023<\/time>\r\n\r\n\t\t\t\t\r\n\t\t\t\t\t<span class=\"pacay-grid-card__meta-label metaCerrada\">Cerrada<\/span>\r\n\t\t\t\t\r\n\r\n\t\t\t\t\r\n\r\n\t\t\t<\/div>\r\n\t\r\n\t\t\t<h3 class=\"pacay-grid-card__title\" style=\"font-size: 20px\">Licitaci\u00f3n realizada por procedimiento abierto<\/h3>\r\n\r\n\t\t\t<div class=\"pacay-grid-card__content\">\r\n\t\t\t\t<p>Licitaci\u00f3n para la contrataci\u00f3n de los servicios de limpieza de la sede del Consejo Econ\u00f3mico y Social Vasco.<\/p>\n\r\n\t\t\t<\/div>\r\n\r\n\t\t\t<div class=\"pacay-grid-card__custom-fields\">\r\n\t\t\t\t\r\n\t\t\t\t\t<div class=\"pacay-grid-card__meta-item\">\r\n\t\t\t\t\t\t<span class=\"pacay-grid-card__meta-label\">Adjudicataria:<\/span>\r\n\t\t\t\t\t\t<span class=\"pacay-grid-card__meta-value\">LIMPIEZAS ABANDO, S.L.<\/span>\r\n\t\t\t\t\t<\/div>\r\n\t\t\t\t\r\n\t\t\t\t\r\n\t\t\t\t\t<div class=\"pacay-grid-card__meta-item\">\r\n\t\t\t\t\t\t<a href=\"https:\/\/ces.pacay.es\/wp-content\/uploads\/2026\/02\/CES-EGAB-2023-02_Resolucion-adjudicacion-del-contrato.pdf\" target=\"_blank\" class=\"aResolucion\">Resoluci\u00f3n de adjudicaci\u00f3n<\/a>\r\n\t\t\t\t\t<\/div>\r\n\t\t\t\t\r\n\t\t\t<\/div>\r\n\t\t<\/div><!-- .pacay-grid-card__body -->\r\n\r\n\t<\/div>\r\n<\/article>\t<article class=\"pacay-grid-card\" role=\"listitem\">\r\n\t<div class=\"pacay-grid-card__inner \">\r\n\t\t\r\n\t\t<!-- Thumbnail -->\r\n\t\t\r\n\t\t<!-- Card Body -->\r\n\t\t<div class=\"pacay-grid-card__body\">\r\n\t\t\t<div class=\"contAdjTop\">\r\n\t\t\t\t<time class=\"pacay-grid-card__date\" datetime=\"20 de abril de 2023\" style=\"font-size: 16px\">20 de abril de 2023<\/time>\r\n\r\n\t\t\t\t\r\n\t\t\t\t\t<span class=\"pacay-grid-card__meta-label metaCerrada\">Cerrada<\/span>\r\n\t\t\t\t\r\n\r\n\t\t\t\t\r\n\r\n\t\t\t<\/div>\r\n\t\r\n\t\t\t<h3 class=\"pacay-grid-card__title\" style=\"font-size: 20px\">Licitaci\u00f3n realizada por procedimiento abierto simplificado<\/h3>\r\n\r\n\t\t\t<div class=\"pacay-grid-card__content\">\r\n\t\t\t\t<p>Licitaci\u00f3n para la contrataci\u00f3n de los trabajos de apoyo en la elaboraci\u00f3n de varios cap\u00edtulos y apartados de la Memoria Socioecon\u00f3mica del Consejo Econ\u00f3mico y Social Vasco del 2022.<\/p>\n\r\n\t\t\t<\/div>\r\n\r\n\t\t\t<div class=\"pacay-grid-card__custom-fields\">\r\n\t\t\t\t\r\n\t\t\t\t\t<div class=\"pacay-grid-card__meta-item\">\r\n\t\t\t\t\t\t<span class=\"pacay-grid-card__meta-label\">Adjudicataria:<\/span>\r\n\t\t\t\t\t\t<span class=\"pacay-grid-card__meta-value\">NAIDER ANALISIS Y ACCI\u00d3N SOCIOECON\u00d3MICA, S.L.<\/span>\r\n\t\t\t\t\t<\/div>\r\n\t\t\t\t\r\n\t\t\t\t\r\n\t\t\t\t\t<div class=\"pacay-grid-card__meta-item\">\r\n\t\t\t\t\t\t<a href=\"https:\/\/ces.pacay.es\/wp-content\/uploads\/2026\/02\/CES-EGAB-2023-01_Resolucion-adjudicacion-del-contrato.pdf\" target=\"_blank\" class=\"aResolucion\">Resoluci\u00f3n de adjudicaci\u00f3n<\/a>\r\n\t\t\t\t\t<\/div>\r\n\t\t\t\t\r\n\t\t\t<\/div>\r\n\t\t<\/div><!-- .pacay-grid-card__body -->\r\n\r\n\t<\/div>\r\n<\/article>\t\t<\/div><!-- .pacay-grid-cards -->\r\n\r\n\t\t<!-- Pagination \u2013 replaced by AJAX -->\r\n\t\t<div class=\"pacay-grid-pagination-wrapper\">\r\n\t\t\t<nav class=\"pacay-grid-pagination\" aria-label=\"Grid pagination\"\r\n\tdata-current-page=\"1\"\r\n\tdata-max-pages=\"2\">\r\n\r\n\t<ul class=\"pacay-grid-pagination__list\">\r\n\r\n\t\t<!-- Previous -->\r\n\t\t\r\n\t\t<!-- First page + ellipsis -->\r\n\t\t\r\n\t\t<!-- Number range -->\r\n\t\t\t\t<li class=\"pacay-grid-pagination__item\">\r\n\t\t\t<button class=\"pacay-grid-pagination__btn is-active\"\r\n\t\t\t\tdata-page=\"1\"\r\n\t\t\t\taria-current=\"page\">\r\n\t\t\t\t1\t\t\t<\/button>\r\n\t\t<\/li>\r\n\t\t\t\t<li class=\"pacay-grid-pagination__item\">\r\n\t\t\t<button class=\"pacay-grid-pagination__btn \"\r\n\t\t\t\tdata-page=\"2\"\r\n\t\t\t\t>\r\n\t\t\t\t2\t\t\t<\/button>\r\n\t\t<\/li>\r\n\t\t\r\n\t\t<!-- Last page + ellipsis -->\r\n\t\t\r\n\t\t<!-- Next -->\r\n\t\t\t\t<li class=\"pacay-grid-pagination__item\">\r\n\t\t\t<button class=\"pacay-grid-pagination__btn\"\r\n\t\t\t\tdata-page=\"2\"\r\n\t\t\t\taria-label=\"Next page\">\r\n\t\t\t\t&#8594;\r\n\t\t\t<\/button>\r\n\t\t<\/li>\r\n\t\t\r\n\t<\/ul>\r\n\r\n<\/nav><!-- .pacay-grid-pagination -->\r\n\t\t<\/div><!-- .pacay-grid-pagination-wrapper -->\r\n\r\n\t<\/div><!-- .pacay-grid-content -->\r\n\r\n<\/div><!-- .pacay-cpt-grid-wrapper -->\r\n[\/vc_column_text][vc_empty_space][\/vc_column][\/vc_row]<\/p>\n<\/div>","protected":false},"excerpt":{"rendered":"<p>[vc_row][vc_column][vc_column_text css=\u00bb\u00bb]El perfil de contratante del Consejo Econ\u00f3mico y Social Vasco incluye los datos referentes a la actividad contractual del \u00f3rgano de contrataci\u00f3n, los contratos adjudicados\u00a0y, en definitiva, toda la&#8230;<\/p>\n","protected":false},"author":1,"featured_media":0,"parent":0,"menu_order":0,"comment_status":"closed","ping_status":"closed","template":"","meta":{"_acf_changed":false,"footnotes":""},"class_list":["post-1783","page","type-page","status-publish","hentry"],"acf":[],"_links":{"self":[{"href":"https:\/\/ces.pacay.es\/es\/wp-json\/wp\/v2\/pages\/1783","targetHints":{"allow":["GET"]}}],"collection":[{"href":"https:\/\/ces.pacay.es\/es\/wp-json\/wp\/v2\/pages"}],"about":[{"href":"https:\/\/ces.pacay.es\/es\/wp-json\/wp\/v2\/types\/page"}],"author":[{"embeddable":true,"href":"https:\/\/ces.pacay.es\/es\/wp-json\/wp\/v2\/users\/1"}],"replies":[{"embeddable":true,"href":"https:\/\/ces.pacay.es\/es\/wp-json\/wp\/v2\/comments?post=1783"}],"version-history":[{"count":8,"href":"https:\/\/ces.pacay.es\/es\/wp-json\/wp\/v2\/pages\/1783\/revisions"}],"predecessor-version":[{"id":1800,"href":"https:\/\/ces.pacay.es\/es\/wp-json\/wp\/v2\/pages\/1783\/revisions\/1800"}],"wp:attachment":[{"href":"https:\/\/ces.pacay.es\/es\/wp-json\/wp\/v2\/media?parent=1783"}],"curies":[{"name":"wp","href":"https:\/\/api.w.org\/{rel}","templated":true}]}}