{"id":1802,"date":"2026-03-05T10:54:56","date_gmt":"2026-03-05T10:54:56","guid":{"rendered":"https:\/\/ces.pacay.es\/?page_id=1802"},"modified":"2026-03-17T08:40:23","modified_gmt":"2026-03-17T08:40:23","slug":"transparencia","status":"publish","type":"page","link":"https:\/\/ces.pacay.es\/es\/transparencia\/","title":{"rendered":"Transparencia"},"content":{"rendered":"<div class=\"wpb-content-wrapper\"><p>[vc_row el_class=\u00bbcontSeccion\u00bb][vc_column][vc_column_text css=\u00bb\u00bb]El portal de transparencia del Consejo Econ\u00f3mico y Social Vasco pretende facilitar a la ciudadan\u00eda de forma peri\u00f3dica y actualizada la informaci\u00f3n relevante de su actividad relacionada con el funcionamiento y control de la actuaci\u00f3n p\u00fablica, en cumplimiento de lo dispuesto en la Ley 19\/2013, de 9 de diciembre de transparencia, acceso a la informaci\u00f3n p\u00fablica y buen gobierno[\/vc_column_text][vc_empty_space height=\u00bb20px\u00bb][\/vc_column][\/vc_row][vc_row el_class=\u00bbcontSeccion\u00bb][vc_column][vc_custom_heading text=\u00bb<strong>Informaci\u00f3n Institucional<\/strong>\u00bb use_theme_fonts=\u00bbyes\u00bb css=\u00bb.vc_custom_1772708399204{margin-top: 30px !important;margin-bottom: 20px !important;}\u00bb font_weight=\u00bb\u00bb][vc_column_text css=\u00bb\u00bb]La creaci\u00f3n del Consejo Econ\u00f3mico y Social de Espa\u00f1a tuvo lugar el 11 de octubre de 1995, quedando regulado en la actualidad por la Ley 8\/2012, de 17 de mayo. Seg\u00fan la misma, el Consejo Econ\u00f3mico y Social Vasco:[\/vc_column_text][vc_row_inner el_class=\u00bbcontInfoInstitucional\u00bb][vc_column_inner width=\u00bb1\/2&#8243;][vc_column_text css=\u00bb\u00bb]<\/p>\n<ul class=\"list-detail\">\n<li>Es el ente consultivo del Gobierno Vasco y del Parlamento Vasco, a fin de hacer efectiva la participaci\u00f3n de los distintos intereses econ\u00f3micos y sociales en la pol\u00edtica econ\u00f3mica y social del Pa\u00eds Vasco.<\/li>\n<li>Act\u00faa con total autonom\u00eda e independencia del Gobierno Vasco y del Parlamento Vasco en el desarrollo de sus funciones.<\/li>\n<li>Cargos p\u00fablicos\n<ul>\n<li>Presidente: Javier Mu\u00f1ecas Herreras<\/li>\n<li>Secretaria General: Izaskun Astondoa Sarria<\/li>\n<\/ul>\n<\/li>\n<\/ul>\n<p>[\/vc_column_text][\/vc_column_inner][vc_column_inner width=\u00bb1\/2&#8243;][vc_column_text css=\u00bb\u00bb]<\/p>\n<ul class=\"list-detail\">\n<li>Goza de personalidad jur\u00eddica p\u00fablica propia, distinta de la de la Administraci\u00f3n de la Comunidad Aut\u00f3noma del Pa\u00eds Vasco.<\/li>\n<li><a class=\"aUnderline\" href=\"\/institucion\/#naturaleza\">Normativa reguladora<\/a><\/li>\n<li><a class=\"aUnderline\" href=\"\/organigrama\/\">Composici\u00f3n<\/a><\/li>\n<\/ul>\n<p>[\/vc_column_text][\/vc_column_inner][\/vc_row_inner][vc_empty_space height=\u00bb60px\u00bb][\/vc_column][\/vc_row][vc_row full_width=\u00bbstretch_row_content\u00bb equal_height=\u00bbyes\u00bb layout=\u00bbwide\u00bb][vc_column css=\u00bb.vc_custom_1497428329592{padding-top: 15% !important;padding-right: 15% !important;padding-bottom: 15% !important;padding-left: 20% !important;background-image: url(http:\/\/demo.yolotheme.com\/dummy\/finanzen\/wp-content\/uploads\/2017\/05\/img-l-h3.jpg?id=302) !important;background-position: center !important;background-repeat: no-repeat !important;background-size: cover !important;}\u00bb offset=\u00bbvc_col-lg-4 vc_col-md-4&#8243;][vc_custom_heading text=\u00bbMemoria de Actividades 2025&#8243; font_container=\u00bbtag:h2|text_align:center|color:%23ffffff\u00bb use_theme_fonts=\u00bbyes\u00bb css=\u00bb.vc_custom_1773332842984{margin-bottom: 30px !important;}\u00bb font_weight=\u00bb\u00bb link=\u00bburl:https%3A%2F%2Fces.pacay.es%2Fdownload%2Fmemoria-de-actividades-2024%2F\u00bb][vc_single_image image=\u00bb1984&#8243; img_size=\u00bb300&#215;424&#8243; alignment=\u00bbcenter\u00bb onclick=\u00bbcustom_link\u00bb css=\u00bb\u00bb link=\u00bb\/download\/memoria-de-actividades-2025\/\u00bb][vc_empty_space][vc_column_text css=\u00bb\u00bb]<\/p>\n<p style=\"text-align: center;\"><a style=\"font-weight: bold; color: #fff;\" href=\"\/download\/memoria-de-actividades-2025\/\">VER LA MEMORIA<i class=\"fa fa-arrow-right\" style=\"margin-left: 5px;\"><\/i><\/a><\/p>\n<p>[\/vc_column_text][\/vc_column][vc_column css=\u00bb.vc_custom_1772037044700{padding-right: 7% !important;padding-bottom: 50px !important;padding-left: 7% !important;background-image: url(http:\/\/demo.yolotheme.com\/dummy\/finanzen\/wp-content\/uploads\/2017\/05\/img-r-h3.jpg?id=295) !important;background-position: center !important;background-repeat: no-repeat !important;background-size: cover !important;}\u00bb offset=\u00bbvc_col-lg-8 vc_col-md-8&#8243; el_class=\u00bbcontFunciones\u00bb][vc_custom_heading text=\u00bb<strong>Funciones<\/strong>\u00bb font_container=\u00bbtag:h2|text_align:left|color:%23FFFFFF\u00bb use_theme_fonts=\u00bbyes\u00bb css=\u00bb.vc_custom_1772019896315{margin-top: 30px !important;margin-bottom: 20px !important;}\u00bb font_weight=\u00bb\u00bb][vc_row_inner][vc_column_inner width=\u00bb1\/2&#8243;]                        <div class=\" \" >\r\n                \r\n<div class=\"style_5 left icon-box-shortcode-wrap\">\r\n    <div class=\"icon-box-container\">\r\n                         <div class=\"icon-wrap\">\r\n                <div class=\"content-icon\">\r\n                    <img decoding=\"async\" src=\"https:\/\/ces.pacay.es\/wp-content\/uploads\/2017\/06\/log1.png\"  class=\"img-responsive\" alt=\"\" \/>\r\n                <\/div>\r\n            <\/div>  \r\n         \r\n            <div class=\"icon-content\" >\r\n            <div class=\"icon-title\">\r\n                                                            <\/div>\r\n            <p class=\"icon-description\">Informar con car\u00e1cter preceptivo los proyectos de ley relacionados con la pol\u00edtica econ\u00f3mica y social, excluidas aquellas materias adscritas al Consejo de Relaciones Laborales seg\u00fan su ley reguladora. Tambi\u00e9n se except\u00faan los proyectos de ley de presupuestos generales de la Comunidad Aut\u00f3noma del Pa\u00eds Vasco, as\u00ed como las normas legislativas de modificaci\u00f3n o complemento de la misma.<\/p>\r\n        <\/div>\r\n    <\/div>\r\n<\/div>            <\/div>\r\n                    [\/vc_column_inner][vc_column_inner width=\u00bb1\/2&#8243;]                        <div class=\" \" >\r\n                \r\n<div class=\"style_5 left icon-box-shortcode-wrap\">\r\n    <div class=\"icon-box-container\">\r\n                         <div class=\"icon-wrap\">\r\n                <div class=\"content-icon\">\r\n                    <img decoding=\"async\" src=\"https:\/\/ces.pacay.es\/wp-content\/uploads\/2017\/06\/log2.png\"  class=\"img-responsive\" alt=\"\" \/>\r\n                <\/div>\r\n            <\/div>  \r\n         \r\n            <div class=\"icon-content\" >\r\n            <div class=\"icon-title\">\r\n                                                            <\/div>\r\n            <p class=\"icon-description\">Informar con car\u00e1cter preceptivo los proyectos de decreto relacionados con la pol\u00edtica econ\u00f3mica y social, excluidas aquellas materias adscritas al Consejo de Relaciones Laborales seg\u00fan su ley reguladora, que tengan especial trascendencia a juicio del Gobierno Vasco. Tambi\u00e9n se except\u00faan los proyectos de decreto que supongan una continuidad de los aprobados en ejercicios anteriores o que no impliquen modificaciones sustanciales.<\/p>\r\n        <\/div>\r\n    <\/div>\r\n<\/div>            <\/div>\r\n                    [\/vc_column_inner][\/vc_row_inner][vc_row_inner][vc_column_inner width=\u00bb1\/2&#8243;]                        <div class=\" \" >\r\n                \r\n<div class=\"style_5 left icon-box-shortcode-wrap\">\r\n    <div class=\"icon-box-container\">\r\n                         <div class=\"icon-wrap\">\r\n                <div class=\"content-icon\">\r\n                    <img decoding=\"async\" src=\"https:\/\/ces.pacay.es\/wp-content\/uploads\/2017\/06\/log3.png\"  class=\"img-responsive\" alt=\"\" \/>\r\n                <\/div>\r\n            <\/div>  \r\n         \r\n            <div class=\"icon-content\" >\r\n            <div class=\"icon-title\">\r\n                                                            <\/div>\r\n            <p class=\"icon-description\">Informar cualquier otra resoluci\u00f3n administrativa que adopte el Gobierno Vasco, relacionada con la pol\u00edtica econ\u00f3mica y social, excluidas aquellas materias adscritas al Consejo de Relaciones Laborales en su ley reguladora, que tengan especial trascendencia a juicio del Gobierno Vasco.<\/p>\r\n        <\/div>\r\n    <\/div>\r\n<\/div>            <\/div>\r\n                    [\/vc_column_inner][vc_column_inner width=\u00bb1\/2&#8243;]                        <div class=\" \" >\r\n                \r\n<div class=\"style_5 left icon-box-shortcode-wrap\">\r\n    <div class=\"icon-box-container\">\r\n                         <div class=\"icon-wrap\">\r\n                <div class=\"content-icon\">\r\n                    <img decoding=\"async\" src=\"https:\/\/ces.pacay.es\/wp-content\/uploads\/2017\/06\/log4.png\"  class=\"img-responsive\" alt=\"\" \/>\r\n                <\/div>\r\n            <\/div>  \r\n         \r\n            <div class=\"icon-content\" >\r\n            <div class=\"icon-title\">\r\n                                                            <\/div>\r\n            <p class=\"icon-description\">Informar con car\u00e1cter preceptivo los planes generales del Gobierno Vasco en materia de pol\u00edtica econ\u00f3mica y social.<\/p>\r\n        <\/div>\r\n    <\/div>\r\n<\/div>            <\/div>\r\n                    [\/vc_column_inner][\/vc_row_inner][vc_row_inner][vc_column_inner width=\u00bb1\/2&#8243;]                        <div class=\" \" >\r\n                \r\n<div class=\"style_5 left icon-box-shortcode-wrap\">\r\n    <div class=\"icon-box-container\">\r\n                         <div class=\"icon-wrap\">\r\n                <div class=\"content-icon\">\r\n                    <img decoding=\"async\" src=\"https:\/\/ces.pacay.es\/wp-content\/uploads\/2017\/06\/log5.png\"  class=\"img-responsive\" alt=\"\" \/>\r\n                <\/div>\r\n            <\/div>  \r\n         \r\n            <div class=\"icon-content\" >\r\n            <div class=\"icon-title\">\r\n                                                            <\/div>\r\n            <p class=\"icon-description\">Formular propuestas al Gobierno Vasco sobre las materias a que se refieren los apartados anteriores.<\/p>\r\n        <\/div>\r\n    <\/div>\r\n<\/div>            <\/div>\r\n                    [\/vc_column_inner][vc_column_inner width=\u00bb1\/2&#8243;]                        <div class=\" \" >\r\n                \r\n<div class=\"style_5 left icon-box-shortcode-wrap\">\r\n    <div class=\"icon-box-container\">\r\n                         <div class=\"icon-wrap\">\r\n                <div class=\"content-icon\">\r\n                    <img decoding=\"async\" src=\"https:\/\/ces.pacay.es\/wp-content\/uploads\/2017\/06\/log6.png\"  class=\"img-responsive\" alt=\"\" \/>\r\n                <\/div>\r\n            <\/div>  \r\n         \r\n            <div class=\"icon-content\" >\r\n            <div class=\"icon-title\">\r\n                                                            <\/div>\r\n            <p class=\"icon-description\">Elaborar dict\u00e1menes, resoluciones o informes, por propia iniciativa o a petici\u00f3n del Gobierno Vasco o del Parlamento Vasco, en las materias a que se refieren los apartados a) y b) anteriores.<\/p>\r\n        <\/div>\r\n    <\/div>\r\n<\/div>            <\/div>\r\n                    [\/vc_column_inner][\/vc_row_inner][vc_row_inner][vc_column_inner width=\u00bb1\/2&#8243;]                        <div class=\" \" >\r\n                \r\n<div class=\"style_5 left icon-box-shortcode-wrap\">\r\n    <div class=\"icon-box-container\">\r\n                         <div class=\"icon-wrap\">\r\n                <div class=\"content-icon\">\r\n                    <img decoding=\"async\" src=\"https:\/\/ces.pacay.es\/wp-content\/uploads\/2017\/06\/log7.png\"  class=\"img-responsive\" alt=\"\" \/>\r\n                <\/div>\r\n            <\/div>  \r\n         \r\n            <div class=\"icon-content\" >\r\n            <div class=\"icon-title\">\r\n                                                            <\/div>\r\n            <p class=\"icon-description\">Participar en la planificaci\u00f3n de las actividades econ\u00f3micas del sector p\u00fablico de la Comunidad Aut\u00f3noma del Pa\u00eds Vasco que elabore el Gobierno Vasco.<\/p>\r\n        <\/div>\r\n    <\/div>\r\n<\/div>            <\/div>\r\n                    [\/vc_column_inner][vc_column_inner width=\u00bb1\/2&#8243;]                        <div class=\" \" >\r\n                \r\n<div class=\"style_5 left icon-box-shortcode-wrap\">\r\n    <div class=\"icon-box-container\">\r\n                         <div class=\"icon-wrap\">\r\n                <div class=\"content-icon\">\r\n                    <img decoding=\"async\" src=\"https:\/\/ces.pacay.es\/wp-content\/uploads\/2017\/06\/log8.png\"  class=\"img-responsive\" alt=\"\" \/>\r\n                <\/div>\r\n            <\/div>  \r\n         \r\n            <div class=\"icon-content\" >\r\n            <div class=\"icon-title\">\r\n                                                            <\/div>\r\n            <p class=\"icon-description\">Elaborar y elevar al Gobierno Vasco y al Parlamento Vasco anualmente una memoria en la que se expongan sus consideraciones sobre la situaci\u00f3n econ\u00f3mica y social en la Comunidad Aut\u00f3noma del Pa\u00eds Vasco.<\/p>\r\n        <\/div>\r\n    <\/div>\r\n<\/div>            <\/div>\r\n                    [\/vc_column_inner][\/vc_row_inner][vc_row_inner][vc_column_inner width=\u00bb1\/2&#8243;]                        <div class=\" \" >\r\n                \r\n<div class=\"style_5 left icon-box-shortcode-wrap\">\r\n    <div class=\"icon-box-container\">\r\n                         <div class=\"icon-wrap\">\r\n                <div class=\"content-icon\">\r\n                    <img decoding=\"async\" src=\"https:\/\/ces.pacay.es\/wp-content\/uploads\/2017\/06\/log4.png\"  class=\"img-responsive\" alt=\"\" \/>\r\n                <\/div>\r\n            <\/div>  \r\n         \r\n            <div class=\"icon-content\" >\r\n            <div class=\"icon-title\">\r\n                                                            <\/div>\r\n            <p class=\"icon-description\">Solicitar y recibir de los \u00f3rganos competentes de la Administraci\u00f3n general, y de cualquier instituci\u00f3n de la Comunidad Aut\u00f3noma del Pa\u00eds Vasco, cuanta informaci\u00f3n precise para el desarrollo de sus funciones.<\/p>\r\n        <\/div>\r\n    <\/div>\r\n<\/div>            <\/div>\r\n                    [\/vc_column_inner][vc_column_inner width=\u00bb1\/2&#8243;][\/vc_column_inner][\/vc_row_inner][\/vc_column][\/vc_row][vc_row][vc_column][vc_empty_space height=\u00bb60px\u00bb][vc_custom_heading text=\u00bb<strong>Informaci\u00f3n Econ\u00f3mica<\/strong>\u00bb use_theme_fonts=\u00bbyes\u00bb css=\u00bb.vc_custom_1772726743331{margin-top: 30px !important;margin-bottom: 20px !important;}\u00bb font_weight=\u00bb\u00bb][vc_empty_space height=\u00bb30px\u00bb][vc_row_inner equal_height=\u00bbyes\u00bb content_placement=\u00bbmiddle\u00bb][vc_column_inner width=\u00bb1\/2&#8243;][vc_single_image image=\u00bb1818&#8243; img_size=\u00bbfull\u00bb alignment=\u00bbcenter\u00bb css=\u00bb\u00bb][\/vc_column_inner][vc_column_inner el_class=\u00bbbg-overlay\u00bb width=\u00bb1\/2&#8243; css=\u00bb.vc_custom_1773142044455{background-image: url(https:\/\/ces.pacay.es\/wp-content\/uploads\/2026\/03\/presupuestos-overlay.jpg?id=1943) !important;}\u00bb][vc_btn title=\u00bb<strong>Resumen presupuesto 2025<\/strong>\u00bb style=\u00bbcustom\u00bb custom_background=\u00bb#0080ff\u00bb custom_text=\u00bb#ffffff\u00bb align=\u00bbcenter\u00bb i_icon_fontawesome=\u00bbfa fa-solid fa-download\u00bb css=\u00bb\u00bb add_icon=\u00bbtrue\u00bb el_class=\u00bbbtnDownload\u00bb link=\u00bburl:%2Fwp-content%2Fuploads%2F2026%2F03%2FResumen-ppto-2025-.pdf|target:_blank\u00bb][vc_empty_space height=\u00bb15px\u00bb][vc_btn title=\u00bb<strong>Resumen ejecuci\u00f3n presupuesto de gastos 2024<\/strong>\u00bb style=\u00bbcustom\u00bb custom_background=\u00bb#0080ff\u00bb custom_text=\u00bb#ffffff\u00bb align=\u00bbcenter\u00bb i_icon_fontawesome=\u00bbfa fa-solid fa-download\u00bb css=\u00bb\u00bb add_icon=\u00bbtrue\u00bb el_class=\u00bbbtnDownload\u00bb link=\u00bburl:%2Fwp-content%2Fuploads%2F2026%2F03%2F2024_Resumen-ejecucion-gastos.pdf|target:_blank\u00bb][vc_empty_space height=\u00bb15px\u00bb][vc_btn title=\u00bb<strong>Resumen ejecuci\u00f3n presupuesto de ingresos 2024<\/strong>\u00bb style=\u00bbcustom\u00bb custom_background=\u00bb#0080ff\u00bb custom_text=\u00bb#ffffff\u00bb align=\u00bbcenter\u00bb i_icon_fontawesome=\u00bbfa fa-solid fa-download\u00bb css=\u00bb\u00bb add_icon=\u00bbtrue\u00bb el_class=\u00bbbtnDownload\u00bb link=\u00bburl:%2Fwp-content%2Fuploads%2F2026%2F03%2F2024_Resumen-ejecucion-ingresos.pdf|target:_blank\u00bb][\/vc_column_inner][\/vc_row_inner][\/vc_column][\/vc_row][vc_row][vc_column][vc_empty_space height=\u00bb75px\u00bb][\/vc_column][\/vc_row][vc_row equal_height=\u00bbyes\u00bb content_placement=\u00bbmiddle\u00bb][vc_column width=\u00bb2\/3&#8243; el_class=\u00bbcontPaddTop0&#8243;][vc_column_text css=\u00bb\u00bb]<\/p>\n<h2 class=\"vc_custom_heading vc_custom_1496286379192 mt0\" style=\"font-size: 20px; text-align: left;\">R\u00e9gimen retributivo e indemnizaciones<\/h2>\n<p>Con arreglo al art\u00edculo 21 de su ley reguladora, la presidencia percibir\u00e1 las retribuciones que establezca el Pleno del Consejo, que en ning\u00fan caso pueden exceder las establecidas para el cargo de viceconsejero o viceconsejera del Gobierno Vasco. Para el a\u00f1o 2025\u00a0ser\u00e1n de 96.951,40\u00a0euros brutos. La Secretar\u00eda General percibir\u00e1 las retribuciones que establezca el Pleno del Consejo, que en ning\u00fan caso pueden exceder las establecidas para el cargo de director o directora del Gobierno Vasco. Para el a\u00f1o 2025\u00a0ser\u00e1n de 82.672,94 euros brutos. El Pleno aprobar\u00e1 las asignaciones econ\u00f3micas que tengan derecho a percibir las consejeras y los consejeros para resarcirles de los gastos que su dedicaci\u00f3n y presencia puedan ocasionarles, con motivo de la realizaci\u00f3n de las actividades propias de CES-EGAB.[\/vc_column_text][vc_empty_space height=\u00bb15px\u00bb][vc_column_text css=\u00bb\u00bb]<\/p>\n<h2 class=\"vc_custom_heading vc_custom_1496286379192\" style=\"font-size: 20px; text-align: left;\">R\u00e9gimen del personal del Consejo<\/h2>\n<p>CES-EGAB cuenta con seis trabajadoras y trabajadores, vinculados al mismo, tal y como recoge su normativa reguladora, por una relaci\u00f3n sujeta al derecho laboral. La selecci\u00f3n de personal se hace mediante convocatoria p\u00fablica y de acuerdo con sistemas basados en los principios de m\u00e9rito y capacidad.[\/vc_column_text][\/vc_column][vc_column width=\u00bb1\/3&#8243; css=\u00bb.vc_custom_1773143023204{background-image: url(https:\/\/ces.pacay.es\/wp-content\/uploads\/2026\/03\/contratacion.jpg?id=1951) !important;}\u00bb el_class=\u00bboverlay-col contTitBotones\u00bb][vc_custom_heading text=\u00bbContrataci\u00f3n\u00bb font_container=\u00bbtag:h2|text_align:center|color:%23ffffff\u00bb use_theme_fonts=\u00bbyes\u00bb css=\u00bb.vc_custom_1773145090845{margin-bottom: 30px !important;}\u00bb font_weight=\u00bb\u00bb][vc_row_inner][vc_column_inner][vc_empty_space height=\u00bb15px\u00bb][vc_btn title=\u00bb<strong>Tabla de contrataci\u00f3n administrativa<\/strong>\u00bb style=\u00bbcustom\u00bb custom_background=\u00bb#ffffff\u00bb custom_text=\u00bb#0080ff\u00bb align=\u00bbcenter\u00bb i_icon_fontawesome=\u00bbfa fa-solid fa-download\u00bb css=\u00bb\u00bb add_icon=\u00bbtrue\u00bb link=\u00bburl:%2Fwp-content%2Fuploads%2F2026%2F03%2F2024-tabla-contratacion.pdf|target:_blank\u00bb][vc_empty_space height=\u00bb15px\u00bb][vc_btn title=\u00bb<strong>Perfil del contratante<\/strong>\u00bb style=\u00bbcustom\u00bb custom_background=\u00bb#ffffff\u00bb custom_text=\u00bb#0080ff\u00bb align=\u00bbcenter\u00bb i_icon_fontawesome=\u00bbfa fa-solid fa-download\u00bb css=\u00bb\u00bb add_icon=\u00bbtrue\u00bb link=\u00bburl:%2Fperfil-del-contratante%2F|target:_blank\u00bb][\/vc_column_inner][\/vc_row_inner][\/vc_column][\/vc_row][vc_row][vc_column][vc_empty_space height=\u00bb50px\u00bb][\/vc_column][\/vc_row]<\/p>\n<\/div>","protected":false},"excerpt":{"rendered":"<p>[vc_row el_class=\u00bbcontSeccion\u00bb][vc_column][vc_column_text css=\u00bb\u00bb]El portal de transparencia del Consejo Econ\u00f3mico y Social Vasco pretende facilitar a la ciudadan\u00eda de forma peri\u00f3dica y actualizada la informaci\u00f3n relevante de su actividad relacionada con&#8230;<\/p>\n","protected":false},"author":1,"featured_media":0,"parent":0,"menu_order":0,"comment_status":"closed","ping_status":"closed","template":"","meta":{"_acf_changed":false,"footnotes":""},"class_list":["post-1802","page","type-page","status-publish","hentry"],"acf":[],"_links":{"self":[{"href":"https:\/\/ces.pacay.es\/es\/wp-json\/wp\/v2\/pages\/1802","targetHints":{"allow":["GET"]}}],"collection":[{"href":"https:\/\/ces.pacay.es\/es\/wp-json\/wp\/v2\/pages"}],"about":[{"href":"https:\/\/ces.pacay.es\/es\/wp-json\/wp\/v2\/types\/page"}],"author":[{"embeddable":true,"href":"https:\/\/ces.pacay.es\/es\/wp-json\/wp\/v2\/users\/1"}],"replies":[{"embeddable":true,"href":"https:\/\/ces.pacay.es\/es\/wp-json\/wp\/v2\/comments?post=1802"}],"version-history":[{"count":84,"href":"https:\/\/ces.pacay.es\/es\/wp-json\/wp\/v2\/pages\/1802\/revisions"}],"predecessor-version":[{"id":2350,"href":"https:\/\/ces.pacay.es\/es\/wp-json\/wp\/v2\/pages\/1802\/revisions\/2350"}],"wp:attachment":[{"href":"https:\/\/ces.pacay.es\/es\/wp-json\/wp\/v2\/media?parent=1802"}],"curies":[{"name":"wp","href":"https:\/\/api.w.org\/{rel}","templated":true}]}}