{"id":1854,"date":"2026-03-06T08:17:09","date_gmt":"2026-03-06T08:17:09","guid":{"rendered":"https:\/\/ces.pacay.es\/?page_id=1854"},"modified":"2026-03-16T11:59:25","modified_gmt":"2026-03-16T11:59:25","slug":"alianzas","status":"publish","type":"page","link":"https:\/\/ces.pacay.es\/es\/alianzas\/","title":{"rendered":"Alianzas"},"content":{"rendered":"<div class=\"wpb-content-wrapper\"><p>[vc_row][vc_column css=\u00bb.vc_custom_1773050682165{padding-right: 0px !important;padding-left: 0px !important;}\u00bb][vc_column_text css=\u00bb.vc_custom_1773050664995{padding-right: 0px !important;padding-left: 0px !important;}\u00bb]El CES vasco colabora y coopera con otros CES de regiones europeas. Adem\u00e1s de visitas y otras actividades puntuales, el Consejo mantiene abiertas dos l\u00edneas de trabajo activas. Una, bilateral, con el Consejo Econ\u00f3mico y Social de Aquitania;y, otra, multilateral ,con los CES del Espacio Atl\u00e1ntico a trav\u00e9s de la RTA (Red de Agentes Econ\u00f3micos y Sociales del Arco Atl\u00e1ntico).[\/vc_column_text][\/vc_column][\/vc_row][vc_row equal_height=\u00bbyes\u00bb content_placement=\u00bbmiddle\u00bb css=\u00bb.vc_custom_1772797773185{margin-top: 30px !important;margin-bottom: 30px !important;}\u00bb][vc_column width=\u00bb1\/2&#8243;][vc_custom_heading text=\u00bb<strong>Cooperaci\u00f3n Bilateral con el CESER de Aquitania<\/strong>\u00bb use_theme_fonts=\u00bbyes\u00bb css=\u00bb.vc_custom_1773408323085{margin-top: 0px !important;margin-bottom: 0px !important;}\u00bb font_weight=\u00bb\u00bb el_class=\u00bbtituloAlianzas\u00bb][vc_single_image image=\u00bb285&#8243; img_size=\u00bbfull\u00bb css=\u00bb.vc_custom_1495614800027{margin-top: 30px !important;}\u00bb][vc_column_text css=\u00bb\u00bb]El CES Vasco mantiene una relaci\u00f3n de cooperaci\u00f3n bilateral con el Conseil Economique et Social R\u00e9gional d\u00b4Aquitaine que le permite mantener un di\u00e1logo permanente y desarrollar una visi\u00f3n compartida sobre temas de inter\u00e9s com\u00fan a la CAPV y a Aquitania. Se ha creado una primera comisi\u00f3n de Trabajo, integrada por delegaciones del CES Vasco como del Grupo de Cooperaci\u00f3n Interregional del CESR de Aquitania que analiza, las posibilidades de impulso de un turismo de proximidad entre Aquitania y la CAPV, respetuoso con los criterios de sostenibilidad, integrador de las diferentes exigencias econ\u00f3micas, sociales y medioambientales. El Grupo de Cooperaci\u00f3n analiza, tambi\u00e9n, las posibilidades de establecer una oferta tur\u00edstica com\u00fan entre la CAPV y Aquitania de cara a otros mercados.[\/vc_column_text][\/vc_column][vc_column width=\u00bb1\/2&#8243;][vc_single_image image=\u00bb1865&#8243; img_size=\u00bbfull\u00bb alignment=\u00bbright\u00bb css=\u00bb\u00bb][\/vc_column][\/vc_row][vc_row equal_height=\u00bbyes\u00bb content_placement=\u00bbmiddle\u00bb css=\u00bb.vc_custom_1772797809939{margin-top: 30px !important;margin-bottom: 30px !important;}\u00bb][vc_column width=\u00bb1\/2&#8243;][vc_custom_heading text=\u00bb<strong>Red Transnacional Atl\u00e1ntica. RTA\/ATN<\/strong>\u00bb use_theme_fonts=\u00bbyes\u00bb css=\u00bb.vc_custom_1772792238750{margin-top: 0px !important;margin-bottom: 0px !important;}\u00bb font_weight=\u00bb\u00bb el_class=\u00bbtituloAlianzas\u00bb][vc_single_image image=\u00bb285&#8243; img_size=\u00bbfull\u00bb css=\u00bb.vc_custom_1495614800027{margin-top: 30px !important;}\u00bb][vc_column_text css=\u00bb\u00bb]El CES Vasco es miembro de la Plataforma de Consejos Econ\u00f3micos y Sociales, y organizaciones an\u00e1logas de las regiones del Espacio Atl\u00e1ntico, denominada Red Transnacional Atl\u00e1ntica. Su objetivo es la propuesta de proyectos y pol\u00edticas de cooperaci\u00f3n interregional que refuercen la competitividad y la cohesi\u00f3n social y territorial de las regiones atl\u00e1nticas, as\u00ed como el estudio y an\u00e1lisis de los asuntos de inter\u00e9s com\u00fan de adscripci\u00f3n atl\u00e1ntica, y su posterior divulgaci\u00f3n y elevaci\u00f3n a las instancias decisorias pertinentes, particularmente a la Uni\u00f3n Europea. Tambi\u00e9n forman parte de la Red los Consejos Econ\u00f3micos y Sociales de Cantabria, Galicia, Canarias, Ceuta, Aquitania, Poitou-Charentes, Breta\u00f1a, Pays-de-la-Loire, Breta\u00f1a, Limousin y de la Regi\u00f3n Centro, los Foros Econ\u00f3micos del Pa\u00eds de Gales, la Asociaci\u00f3n Empresarial de la Regi\u00f3n de Lisboa, AERLIS, el Instituto de Soldadura e Qualidade, ISQ, y la Uni\u00f3n de Sindicatos del Algarve, USALGARVE\/CGTP-IN.[\/vc_column_text][\/vc_column][vc_column width=\u00bb1\/2&#8243;][vc_single_image image=\u00bb1873&#8243; img_size=\u00bbfull\u00bb alignment=\u00bbright\u00bb css=\u00bb\u00bb][\/vc_column][\/vc_row][vc_row][vc_column][vc_empty_space height=\u00bb30px\u00bb][\/vc_column][\/vc_row][vc_row css=\u00bb.vc_custom_1772798886169{background-color: #F0F0F0 !important;}\u00bb][vc_column][vc_column_text css=\u00bb.vc_custom_1773662362666{margin-top: 0px !important;background-color: #F0F0F0 !important;}\u00bb el_class=\u00bbpadding30&#8243;]Los temas trabajados durante estos periodos han girado en torno a los siguientes:<\/p>\n<ul class=\"list-skills\">\n<li>La intermodalidad en el transporte de mercanc\u00edas, enfocada sobre el transporte mar\u00edtimo, los puertos y hinterlands, y el cabotaje en el Espacio Atl\u00e1ntico.<\/li>\n<li>La seguridad en el transporte mar\u00edtimo de mercanc\u00edas.<\/li>\n<li>La Investigaci\u00f3n, la innovaci\u00f3n y la transferencia de tecnolog\u00eda en las regiones del Espacio Atl\u00e1ntico.<\/li>\n<\/ul>\n<p>[\/vc_column_text][\/vc_column][\/vc_row][vc_row][vc_column][vc_empty_space height=\u00bb50px\u00bb][\/vc_column][\/vc_row]<\/p>\n<\/div>","protected":false},"excerpt":{"rendered":"<p>[vc_row][vc_column css=\u00bb.vc_custom_1773050682165{padding-right: 0px !important;padding-left: 0px !important;}\u00bb][vc_column_text css=\u00bb.vc_custom_1773050664995{padding-right: 0px !important;padding-left: 0px !important;}\u00bb]El CES vasco colabora y coopera con otros CES de regiones europeas. Adem\u00e1s de visitas y otras actividades puntuales, el&#8230;<\/p>\n","protected":false},"author":1,"featured_media":0,"parent":0,"menu_order":0,"comment_status":"closed","ping_status":"closed","template":"","meta":{"_acf_changed":false,"footnotes":""},"class_list":["post-1854","page","type-page","status-publish","hentry"],"acf":[],"_links":{"self":[{"href":"https:\/\/ces.pacay.es\/es\/wp-json\/wp\/v2\/pages\/1854","targetHints":{"allow":["GET"]}}],"collection":[{"href":"https:\/\/ces.pacay.es\/es\/wp-json\/wp\/v2\/pages"}],"about":[{"href":"https:\/\/ces.pacay.es\/es\/wp-json\/wp\/v2\/types\/page"}],"author":[{"embeddable":true,"href":"https:\/\/ces.pacay.es\/es\/wp-json\/wp\/v2\/users\/1"}],"replies":[{"embeddable":true,"href":"https:\/\/ces.pacay.es\/es\/wp-json\/wp\/v2\/comments?post=1854"}],"version-history":[{"count":45,"href":"https:\/\/ces.pacay.es\/es\/wp-json\/wp\/v2\/pages\/1854\/revisions"}],"predecessor-version":[{"id":2300,"href":"https:\/\/ces.pacay.es\/es\/wp-json\/wp\/v2\/pages\/1854\/revisions\/2300"}],"wp:attachment":[{"href":"https:\/\/ces.pacay.es\/es\/wp-json\/wp\/v2\/media?parent=1854"}],"curies":[{"name":"wp","href":"https:\/\/api.w.org\/{rel}","templated":true}]}}