{"id":3399,"date":"2026-03-30T09:23:27","date_gmt":"2026-03-30T07:23:27","guid":{"rendered":"https:\/\/ces.pacay.es\/?page_id=3399"},"modified":"2026-03-30T14:24:56","modified_gmt":"2026-03-30T12:24:56","slug":"canal-de-denuncias","status":"publish","type":"page","link":"https:\/\/ces.pacay.es\/es\/canal-de-denuncias\/","title":{"rendered":"Canal de denuncias"},"content":{"rendered":"<div class=\"wpb-content-wrapper\"><p>[vc_row][vc_column][vc_row_inner equal_height=\u00bbyes\u00bb content_placement=\u00bbmiddle\u00bb][vc_column_inner width=\u00bb1\/2&#8243;][vc_column_text css=\u00bb\u00bb]El CES Vasco, como entidad que forma parte del Sector P\u00fablico de la Comunidad Aut\u00f3noma de Euskadi, se encuentra integrado en el Sistema Interno de Informaci\u00f3n de Infracciones Normativas y Protecci\u00f3n a las Personas Informantes de la Administraci\u00f3n de la CAE.<\/p>\n<p>Para comunicar cualquier irregularidad o infracci\u00f3n, puede acceder al sistema oficial a trav\u00e9s del siguiente enlace:[\/vc_column_text][vc_btn title=\u00bbSistema interno de informaci\u00f3n\u00bb style=\u00bbcustom\u00bb custom_background=\u00bb#0080ff\u00bb custom_text=\u00bb#ffffff\u00bb shape=\u00bbsquare\u00bb align=\u00bbcenter\u00bb css=\u00bb.vc_custom_1774855485867{margin-top: 30px !important;}\u00bb link=\u00bburl:https%3A%2F%2Fbis.gardena.euskadi.eus%2Finicio%2F\u00bb el_class=\u00bbbtnVerMas\u00bb][\/vc_column_inner][vc_column_inner width=\u00bb1\/2&#8243;][vc_single_image image=\u00bb3504&#8243; img_size=\u00bbfull\u00bb alignment=\u00bbcenter\u00bb css=\u00bb\u00bb][\/vc_column_inner][\/vc_row_inner][vc_empty_space][\/vc_column][\/vc_row]<\/p>\n<\/div>","protected":false},"excerpt":{"rendered":"<p>[vc_row][vc_column][vc_row_inner equal_height=\u00bbyes\u00bb content_placement=\u00bbmiddle\u00bb][vc_column_inner width=\u00bb1\/2&#8243;][vc_column_text css=\u00bb\u00bb]El CES Vasco, como entidad que forma parte del Sector P\u00fablico de la Comunidad Aut\u00f3noma de Euskadi, se encuentra integrado en el Sistema Interno de Informaci\u00f3n&#8230;<\/p>\n","protected":false},"author":1,"featured_media":0,"parent":0,"menu_order":0,"comment_status":"closed","ping_status":"closed","template":"","meta":{"_acf_changed":false,"footnotes":""},"class_list":["post-3399","page","type-page","status-publish","hentry"],"acf":[],"_links":{"self":[{"href":"https:\/\/ces.pacay.es\/es\/wp-json\/wp\/v2\/pages\/3399","targetHints":{"allow":["GET"]}}],"collection":[{"href":"https:\/\/ces.pacay.es\/es\/wp-json\/wp\/v2\/pages"}],"about":[{"href":"https:\/\/ces.pacay.es\/es\/wp-json\/wp\/v2\/types\/page"}],"author":[{"embeddable":true,"href":"https:\/\/ces.pacay.es\/es\/wp-json\/wp\/v2\/users\/1"}],"replies":[{"embeddable":true,"href":"https:\/\/ces.pacay.es\/es\/wp-json\/wp\/v2\/comments?post=3399"}],"version-history":[{"count":5,"href":"https:\/\/ces.pacay.es\/es\/wp-json\/wp\/v2\/pages\/3399\/revisions"}],"predecessor-version":[{"id":3401,"href":"https:\/\/ces.pacay.es\/es\/wp-json\/wp\/v2\/pages\/3399\/revisions\/3401"}],"wp:attachment":[{"href":"https:\/\/ces.pacay.es\/es\/wp-json\/wp\/v2\/media?parent=3399"}],"curies":[{"name":"wp","href":"https:\/\/api.w.org\/{rel}","templated":true}]}}